{"id":12382,"date":"2024-05-22T21:27:47","date_gmt":"2024-05-22T21:27:47","guid":{"rendered":"https:\/\/yasaki-store.com\/product\/yasaki-tournament-35-spule\/"},"modified":"2026-04-20T11:48:40","modified_gmt":"2026-04-20T11:48:40","slug":"yasaki-tournament-35-spule","status":"publish","type":"product","link":"https:\/\/yasaki-store.com\/de\/produkt\/yasaki-tournament-35-spule\/","title":{"rendered":"Yasaki Tournament 35 Spule"},"content":{"rendered":"<p><strong>Yasaki Tournament Spulen: Unerreichte Leistung f\u00fcr Ihre Shimano-Rolle<\/strong><\/p>\n<p>Die aus Aluminium in Luft- und Raumfahrtqualit\u00e4t und hochwertigen Materialien gefertigten Yasaki Tournament Spulen sind so konstruiert, dass sie au\u00dfergew\u00f6hnlich leicht sind und eine unvergleichliche mechanische Festigkeit aufweisen. Diese Spulen mit konischem Profil und Micro-Pitch sorgen f\u00fcr eine perfekte Schnurwicklung und eine einzigartige Geometrie f\u00fcr minimale Reibung der Schnur beim Wurf, was zu einer au\u00dfergew\u00f6hnlichen Wurfweite f\u00fchrt.<\/p>\n<p>Die hohe Bremskraft ist auf das Surfcasting zugeschnitten und wird durch ein innovatives, pr\u00e4zises und progressives integriertes Clickersystem unterst\u00fctzt. Dieses System wurde in Zusammenarbeit mit den besten Surfcasting-Wettbewerbern aus Spanien und Italien ausgiebig getestet, um Zuverl\u00e4ssigkeit und Leistung zu gew\u00e4hrleisten.<\/p>\n<p>Erleben Sie mit Yasaki Tournament Spulen die Freude am Werfen auf h\u00f6chstem Niveau &#8211; und das immer zu einem g\u00fcnstigen Preis!<\/p>\n<p>Kompatibel mit dem originalen Shimano Bremsknopf !<\/p>\n<p>Schnurkapazit\u00e4t: 0.16\/300m &#8211; 0.18\/250m &#8211; 0.20\/200m<\/p>\n<p>Gewicht: 39 g<\/p>\n<p>Konizit\u00e4t: 3\u00b0<\/p>\n<p>Material: Aerospace Aluminium<\/p>\n<p>Bremssystem: Carbon<\/p>\n","protected":false},"excerpt":{"rendered":"<p>Diese Spule ist mit den folgenden Modellen kompatibel<\/p>\n<p>Shimano Ultegra 14000 XSD\/XTD<\/p>\n<p>Shimano Ultegra 3500 XSD\/XSE<\/p>\n<p>Shimano Ultegra 14000 XSE\/XTE<\/p>\n<p>Shimano Ultegra 14000 XSC\/XTC CI4+<\/p>\n<p>Shimano Ultegra 14000 XR XSD\/XTD<\/p>\n<p>Shimano Power Aero 14000 XSB\/XTB<\/p>\n<p>Shimano Power Aero 14000 XSC\/XTC<\/p>\n<p>Shimano Surf Leader 35 2013\/2018\/2025<\/p>\n<p>Shimano Spin Joy 35 2014<\/p>\n<p>Shimano Bull&#8217;s Eye XT<\/p>\n<p>Shimano Bull&#8217;s Eye 9100 \/ 9120<\/p>\n<p>Shimano Fliegen 2009\/2012\/2013\/2017\/2024<\/p>\n<p>Shimano Kisu Spezial MG \/ 2011 CE \/ 2016<\/p>\n<p>Shimano Aero Technium 10000 MGS XSA<\/p>\n<p>Shimano Aero Technium 10000 MGS XSB<\/p>\n<p>Shimano Aero Technium 14000 MGS XSC<\/p>\n","protected":false},"featured_media":12230,"template":"","meta":[],"product_brand":[],"product_cat":[136],"product_tag":[],"class_list":{"0":"post-12382","1":"product","2":"type-product","3":"status-publish","4":"has-post-thumbnail","6":"product_cat-spulen","8":"first","9":"instock","10":"taxable","11":"shipping-taxable","12":"purchasable","13":"product-type-variable"},"_links":{"self":[{"href":"https:\/\/yasaki-store.com\/de\/wp-json\/wp\/v2\/product\/12382","targetHints":{"allow":["GET"]}}],"collection":[{"href":"https:\/\/yasaki-store.com\/de\/wp-json\/wp\/v2\/product"}],"about":[{"href":"https:\/\/yasaki-store.com\/de\/wp-json\/wp\/v2\/types\/product"}],"wp:featuredmedia":[{"embeddable":true,"href":"https:\/\/yasaki-store.com\/de\/wp-json\/wp\/v2\/media\/12230"}],"wp:attachment":[{"href":"https:\/\/yasaki-store.com\/de\/wp-json\/wp\/v2\/media?parent=12382"}],"wp:term":[{"taxonomy":"product_brand","embeddable":true,"href":"https:\/\/yasaki-store.com\/de\/wp-json\/wp\/v2\/product_brand?post=12382"},{"taxonomy":"product_cat","embeddable":true,"href":"https:\/\/yasaki-store.com\/de\/wp-json\/wp\/v2\/product_cat?post=12382"},{"taxonomy":"product_tag","embeddable":true,"href":"https:\/\/yasaki-store.com\/de\/wp-json\/wp\/v2\/product_tag?post=12382"}],"curies":[{"name":"wp","href":"https:\/\/api.w.org\/{rel}","templated":true}]}}