{"id":13038,"date":"2024-08-13T16:41:45","date_gmt":"2024-08-13T16:41:45","guid":{"rendered":"https:\/\/yasaki-store.com\/product\/yasaki-gummiband-fuer-ersatzspulen\/"},"modified":"2026-01-13T14:04:36","modified_gmt":"2026-01-13T14:04:36","slug":"yasaki-gummiband-fuer-ersatzspulen","status":"publish","type":"product","link":"https:\/\/yasaki-store.com\/de\/produkt\/yasaki-gummiband-fuer-ersatzspulen\/","title":{"rendered":"Yasaki Gummiband f\u00fcr Ersatzspulen"},"content":{"rendered":"","protected":false},"excerpt":{"rendered":"<p>Unser Gummiband f\u00fcr Ersatzspulen ist mit dem eingravierten Yasaki Tournament-Logo versehen und sorgt f\u00fcr einen stilvollen, diskreten Look ohne zu viel Ablenkung. Er ist aus weichem Material gefertigt und l\u00e4sst sich leicht anbringen. Er verhindert, dass sich die Schnur verheddert und h\u00e4lt Ihre Schnur nach dem Angeln sicher an ihrem Platz. Au\u00dferdem bietet es Schutz vor UV-Strahlen und verl\u00e4ngert so die Lebensdauer von der Schnur.<\/p>\n","protected":false},"featured_media":13028,"template":"","meta":[],"product_brand":[],"product_cat":[136],"product_tag":[],"class_list":{"0":"post-13038","1":"product","2":"type-product","3":"status-publish","4":"has-post-thumbnail","6":"product_cat-spulen","8":"first","9":"instock","10":"taxable","11":"shipping-taxable","12":"purchasable","13":"product-type-simple"},"_links":{"self":[{"href":"https:\/\/yasaki-store.com\/de\/wp-json\/wp\/v2\/product\/13038","targetHints":{"allow":["GET"]}}],"collection":[{"href":"https:\/\/yasaki-store.com\/de\/wp-json\/wp\/v2\/product"}],"about":[{"href":"https:\/\/yasaki-store.com\/de\/wp-json\/wp\/v2\/types\/product"}],"wp:featuredmedia":[{"embeddable":true,"href":"https:\/\/yasaki-store.com\/de\/wp-json\/wp\/v2\/media\/13028"}],"wp:attachment":[{"href":"https:\/\/yasaki-store.com\/de\/wp-json\/wp\/v2\/media?parent=13038"}],"wp:term":[{"taxonomy":"product_brand","embeddable":true,"href":"https:\/\/yasaki-store.com\/de\/wp-json\/wp\/v2\/product_brand?post=13038"},{"taxonomy":"product_cat","embeddable":true,"href":"https:\/\/yasaki-store.com\/de\/wp-json\/wp\/v2\/product_cat?post=13038"},{"taxonomy":"product_tag","embeddable":true,"href":"https:\/\/yasaki-store.com\/de\/wp-json\/wp\/v2\/product_tag?post=13038"}],"curies":[{"name":"wp","href":"https:\/\/api.w.org\/{rel}","templated":true}]}}