{"id":13066,"date":"2024-08-28T18:09:20","date_gmt":"2024-08-28T18:09:20","guid":{"rendered":"https:\/\/yasaki-store.com\/product\/spule-yasaki-surf-45\/"},"modified":"2026-01-21T11:15:00","modified_gmt":"2026-01-21T11:15:00","slug":"yasaki-surf-45-spule","status":"publish","type":"product","link":"https:\/\/yasaki-store.com\/de\/produkt\/yasaki-surf-45-spule\/","title":{"rendered":"Yasaki Surf 45 Spule"},"content":{"rendered":"<p><strong>Yasaki Surf-Spulen: \u00dcberschreiten Sie Ihre Grenzen!<\/strong><\/p>\n<p>Das Modell &#8222;SURF&#8220; wurde eingef\u00fchrt, um schwierige Bedingungen wie schweres Surfcasting, Longcasting, Karpfenangeln oder die Suche nach Raubfischen zu bew\u00e4ltigen!<\/p>\n<p>Dar\u00fcber hinaus ist die Spule mit einer Funktion ausgestattet, die es erm\u00f6glicht, 2 Lineclips einfach zu installieren, um die Angelentfernung zu markieren und pr\u00e4zise zu werfen.<\/p>\n<p>Die Yasaki Surf Spulen werden aus Flugzeugaluminium und anderen hochwertigen Materialien hergestellt und sind so konzipiert, dass sie ein au\u00dfergew\u00f6hnlich geringes Gewicht und eine hohe mechanische Festigkeit bieten.<\/p>\n<p>Die Spulen wurden mit einem konischen Profil und einem Micro-Pitch entworfen und bieten eine perfekte Schnurwicklung und eine spezielle Geometrie f\u00fcr eine minimale Reibung der Schnur, was zu einer au\u00dfergew\u00f6hnlichen Wurfweite f\u00fchrt.<\/p>\n<p>Das Bremssystem ist auf Progressivit\u00e4t und Robustheit ausgelegt und verf\u00fcgt \u00fcber ein einzigartiges, integriertes Clicker System. Dieses System wurde in Zusammenarbeit mit den besten Wettbewerbern gr\u00fcndlich getestet, um das beste Angelerlebnis zu erzielen.<\/p>\n<p>Die Spule ist mit dem originalen Shimano Bremsknopf kompatibel!<\/p>\n<p>Schnurfassungsverm\u00f6gen: 0.28\/350m &#8211; 0.30\/300m &#8211; 0.35\/250m<\/p>\n<p>Gewicht: 43 g<\/p>\n<p>Konizit\u00e4t: 3\u00b0<\/p>\n<p>Material: Luft- und Raumfahrt-Aluminium<\/p>\n<p>Bremssystem: Carbon<\/p>\n<p>***Lineclip ist nicht enthalten<\/p>\n","protected":false},"excerpt":{"rendered":"<p>Diese Spule ist kompatibel mit:<\/p>\n<p>Shimano Aero Technium 14000 MGS XTD<\/p>\n<p>Shimano Aero Technium 14000 MGS XSD<\/p>\n","protected":false},"featured_media":15261,"template":"","meta":[],"product_brand":[],"product_cat":[136],"product_tag":[],"class_list":{"0":"post-13066","1":"product","2":"type-product","3":"status-publish","4":"has-post-thumbnail","6":"product_cat-spulen","8":"first","9":"instock","10":"taxable","11":"shipping-taxable","12":"purchasable","13":"product-type-variable"},"_links":{"self":[{"href":"https:\/\/yasaki-store.com\/de\/wp-json\/wp\/v2\/product\/13066","targetHints":{"allow":["GET"]}}],"collection":[{"href":"https:\/\/yasaki-store.com\/de\/wp-json\/wp\/v2\/product"}],"about":[{"href":"https:\/\/yasaki-store.com\/de\/wp-json\/wp\/v2\/types\/product"}],"wp:featuredmedia":[{"embeddable":true,"href":"https:\/\/yasaki-store.com\/de\/wp-json\/wp\/v2\/media\/15261"}],"wp:attachment":[{"href":"https:\/\/yasaki-store.com\/de\/wp-json\/wp\/v2\/media?parent=13066"}],"wp:term":[{"taxonomy":"product_brand","embeddable":true,"href":"https:\/\/yasaki-store.com\/de\/wp-json\/wp\/v2\/product_brand?post=13066"},{"taxonomy":"product_cat","embeddable":true,"href":"https:\/\/yasaki-store.com\/de\/wp-json\/wp\/v2\/product_cat?post=13066"},{"taxonomy":"product_tag","embeddable":true,"href":"https:\/\/yasaki-store.com\/de\/wp-json\/wp\/v2\/product_tag?post=13066"}],"curies":[{"name":"wp","href":"https:\/\/api.w.org\/{rel}","templated":true}]}}