{"id":13097,"date":"2024-08-30T15:38:44","date_gmt":"2024-08-30T15:38:44","guid":{"rendered":"https:\/\/yasaki-store.com\/?post_type=product&#038;p=13097"},"modified":"2026-04-11T18:17:36","modified_gmt":"2026-04-11T18:17:36","slug":"yasaki-surf-35-spule","status":"publish","type":"product","link":"https:\/\/yasaki-store.com\/de\/produkt\/yasaki-surf-35-spule\/","title":{"rendered":"Yasaki Surf 35 Spule"},"content":{"rendered":"<p><strong>Yasaki Surf-Spulen: \u00dcberschreiten Sie Ihre Grenzen!<\/strong><\/p>\n<p>Das Modell \u201eSURF\u201c wurde eingef\u00fchrt, um schwierige Bedingungen wie schweres Surfcasting, Longcasting, Karpfenangeln oder die Suche nach Raubfischen zu bew\u00e4ltigen!<\/p>\n<p>Au\u00dferdem verf\u00fcgt die Spule \u00fcber eine Funktion, die die einfache Anbringung von 2 Schnurclips zur Markierung der Angelentfernung und zum genauen Auswerfen erm\u00f6glicht.<\/p>\n<p>Die Yasaki Surf Spulen werden aus Flugzeugaluminium und anderen hochwertigen Materialien hergestellt und sind so konzipiert, dass sie ein au\u00dfergew\u00f6hnlich geringes Gewicht und eine hohe mechanische Festigkeit bieten. Die Spulen wurden mit einem konischen Profil und einem Micro-Pitch entworfen und bieten eine perfekte Schnurwicklung und eine spezielle Geometrie f\u00fcr eine minimale Reibung der Schnur, was zu einer au\u00dfergew\u00f6hnlichen Wurfweite f\u00fchrt.<\/p>\n<p>Das Bremssystem ist auf Progressivit\u00e4t und Robustheit ausgelegt und verf\u00fcgt \u00fcber ein einzigartiges, integriertes Clicker System. Dieses System wurde in Zusammenarbeit mit den besten Wettbewerbern gr\u00fcndlich getestet, um das beste Angelerlebnis zu erzielen.<\/p>\n<p>Die Spule ist mit dem originalen Shimano Bremsknopf kompatibel!<\/p>\n<p>Schnurkapazit\u00e4t: 0.28\/350m &#8211; 0.30\/300m &#8211; 0.35\/250m<\/p>\n<p>Gewicht: 39 g<\/p>\n<p>Konizit\u00e4t: 3\u00b0<\/p>\n<p>Material: Aerospace Aluminium<\/p>\n<p>Bremssystem: Carbon<\/p>\n<p>***Lineclip ist nicht enthalten<\/p>\n","protected":false},"excerpt":{"rendered":"<p>Diese Spule ist mit den folgenden Modellen kompatibel<\/p>\n<p>Shimano Ultegra 14000 XSD\/XTD<\/p>\n<p>Shimano Ultegra 3500 XSD\/XSE<\/p>\n<p>Shimano Ultegra 14000 XSE\/XTE<\/p>\n<p>Shimano Ultegra 14000 XSC\/XTC CI4+<\/p>\n<p>Shimano Ultegra 14000 XR XSD\/XTD<\/p>\n<p>Shimano Power Aero 14000 XSB\/XTB<\/p>\n<p>Shimano Power Aero 14000 XSC\/XTC<\/p>\n<p>Shimano Big Baitrunner LC 14000 XTB<\/p>\n<p>Shimano Big Baitrunner LC 14000 XTB CI4+<\/p>\n<p>Shimano Surf Leader 35 2013\/2018\/2025<\/p>\n<p>Shimano Spin Joy 35 2014<\/p>\n<p>Shimano Bull\u2019s Eye XT<\/p>\n<p>Shimano Bull\u2019s Eye 9100 \/ 9120<\/p>\n<p>Shimano Fliegen 2009\/2012\/2013\/2017\/2024<\/p>\n<p>Shimano Kisu Spezial MG \/ 2011 CE \/ 2016<\/p>\n<p>Shimano Aero Technium 10000 MGS XSA<\/p>\n<p>Shimano Aero Technium 10000 MGS XSB<\/p>\n<p>Shimano Aero Technium 14000 MGS XSC<\/p>\n","protected":false},"featured_media":16134,"template":"","meta":[],"product_brand":[],"product_cat":[136],"product_tag":[],"class_list":{"0":"post-13097","1":"product","2":"type-product","3":"status-publish","4":"has-post-thumbnail","6":"product_cat-spulen","8":"first","9":"instock","10":"taxable","11":"shipping-taxable","12":"purchasable","13":"product-type-variable"},"_links":{"self":[{"href":"https:\/\/yasaki-store.com\/de\/wp-json\/wp\/v2\/product\/13097","targetHints":{"allow":["GET"]}}],"collection":[{"href":"https:\/\/yasaki-store.com\/de\/wp-json\/wp\/v2\/product"}],"about":[{"href":"https:\/\/yasaki-store.com\/de\/wp-json\/wp\/v2\/types\/product"}],"wp:featuredmedia":[{"embeddable":true,"href":"https:\/\/yasaki-store.com\/de\/wp-json\/wp\/v2\/media\/16134"}],"wp:attachment":[{"href":"https:\/\/yasaki-store.com\/de\/wp-json\/wp\/v2\/media?parent=13097"}],"wp:term":[{"taxonomy":"product_brand","embeddable":true,"href":"https:\/\/yasaki-store.com\/de\/wp-json\/wp\/v2\/product_brand?post=13097"},{"taxonomy":"product_cat","embeddable":true,"href":"https:\/\/yasaki-store.com\/de\/wp-json\/wp\/v2\/product_cat?post=13097"},{"taxonomy":"product_tag","embeddable":true,"href":"https:\/\/yasaki-store.com\/de\/wp-json\/wp\/v2\/product_tag?post=13097"}],"curies":[{"name":"wp","href":"https:\/\/api.w.org\/{rel}","templated":true}]}}