{"id":13927,"date":"2024-09-30T17:34:48","date_gmt":"2024-09-30T17:34:48","guid":{"rendered":"https:\/\/yasaki-store.com\/?post_type=product&#038;p=13927"},"modified":"2026-04-04T11:56:29","modified_gmt":"2026-04-04T11:56:29","slug":"yasaki-griffknauf","status":"publish","type":"product","link":"https:\/\/yasaki-store.com\/de\/produkt\/yasaki-griffknauf\/","title":{"rendered":"Yasaki Griffknauf"},"content":{"rendered":"<p>Kompatibel mit<\/p>\n<p>Shimano Ultegra 14000 XSE\/XTE<br \/>\nShimano Ultegra 14000 XSC\/XTC XR<br \/>\nShimano Power Aero 14000 XSB\/XTB<br \/>\nShimano Power Aero (PG) 140000 XSC\/XTC<br \/>\nShimano Bull&#8217;s Eye XT<br \/>\nShimano Bull&#8217;s Eye 9100 \/ 9120<br \/>\nShimano Fliegen 2024<br \/>\nShimano Kisu Special 45<br \/>\nShimano Aero Technium 10000 MGS XSB<br \/>\nShimano Aero Technium 14000 MGS XSC<br \/>\nShimano Aero Technium 14000 MGS XTC<br \/>\nShimano Aero Technium 14000 MGS XSD<br \/>\nShimano Aero Technium 14000 MGS XTD<\/p>\n","protected":false},"excerpt":{"rendered":"<p>Yasaki Griffknauf: Leicht, robust und vielseitig!<\/p>\n<p>Unser Griffknauf wiegt nur 8 Gramm und ist aus hochwertigem Aluminium gefertigt, mit einem Design, das sowohl robust als auch stilvoll ist.<\/p>\n<p>Sie k\u00f6nnen ihn auf zwei Arten greifen: mit den Fingern f\u00fcr leichtes Angeln oder mit der ganzen Hand f\u00fcr st\u00e4rkeres, schweres Angeln. Er bietet immer einen sicheren und bequemen Halt beim Angeln!<\/p>\n<p>Genie\u00dfen Sie Ihre Angelabenteuer! W\u00e4hlen Sie Yasaki!<\/p>\n","protected":false},"featured_media":13589,"template":"","meta":[],"product_brand":[],"product_cat":[162],"product_tag":[],"class_list":{"0":"post-13927","1":"product","2":"type-product","3":"status-publish","4":"has-post-thumbnail","6":"product_cat-zubehor","8":"first","9":"instock","10":"taxable","11":"shipping-taxable","12":"purchasable","13":"product-type-variable"},"_links":{"self":[{"href":"https:\/\/yasaki-store.com\/de\/wp-json\/wp\/v2\/product\/13927","targetHints":{"allow":["GET"]}}],"collection":[{"href":"https:\/\/yasaki-store.com\/de\/wp-json\/wp\/v2\/product"}],"about":[{"href":"https:\/\/yasaki-store.com\/de\/wp-json\/wp\/v2\/types\/product"}],"wp:featuredmedia":[{"embeddable":true,"href":"https:\/\/yasaki-store.com\/de\/wp-json\/wp\/v2\/media\/13589"}],"wp:attachment":[{"href":"https:\/\/yasaki-store.com\/de\/wp-json\/wp\/v2\/media?parent=13927"}],"wp:term":[{"taxonomy":"product_brand","embeddable":true,"href":"https:\/\/yasaki-store.com\/de\/wp-json\/wp\/v2\/product_brand?post=13927"},{"taxonomy":"product_cat","embeddable":true,"href":"https:\/\/yasaki-store.com\/de\/wp-json\/wp\/v2\/product_cat?post=13927"},{"taxonomy":"product_tag","embeddable":true,"href":"https:\/\/yasaki-store.com\/de\/wp-json\/wp\/v2\/product_tag?post=13927"}],"curies":[{"name":"wp","href":"https:\/\/api.w.org\/{rel}","templated":true}]}}