{"id":14294,"date":"2025-01-09T18:06:55","date_gmt":"2025-01-09T18:06:55","guid":{"rendered":"https:\/\/yasaki-store.com\/?post_type=product&#038;p=14294"},"modified":"2026-03-30T17:55:56","modified_gmt":"2026-03-30T17:55:56","slug":"yasaki-tournament-dw-spule","status":"publish","type":"product","link":"https:\/\/yasaki-store.com\/de\/produkt\/yasaki-tournament-dw-spule\/","title":{"rendered":"Yasaki Tournament DW Spule"},"content":{"rendered":"<p><strong>Definieren Sie Ihr Angelerlebnis neu mit Yasaki Tournament DW Spulen<\/strong><\/p>\n<p>Hergestellt aus Materialien in Luftfahrtqualit\u00e4t, sind die Yasaki Tournament DW Spulen darauf ausgelegt, Komfort, Wurfkontrolle und Zuverl\u00e4ssigkeit zu verbessern und ein \u00fcberragendes Angelerlebnis zu bieten. Das einzigartige mikrostrukturierte Profil und das ultra-konische 5\u00b0-Design gew\u00e4hrleisten eine perfekte Schnurverlegung und eine erh\u00f6hte Schnurfreigabe f\u00fcr au\u00dfergew\u00f6hnliche Wurfweiten.<\/p>\n<p>F\u00fcr das Brandungsangeln entwickelt, bietet das fortschrittliche integrierte Klicksystem eine pr\u00e4zise, progressive Bremskraft und erleichtert die Umr\u00fcstung japanischer Modelle ohne Bremse. Die Spule verf\u00fcgt zudem \u00fcber eine einfache M\u00f6glichkeit zur Installation von zwei Schnurclips, um pr\u00e4zises Werfen und Distanzmarkierungen zu erm\u00f6glichen.<\/p>\n<p><strong>Wichtige Merkmale:<\/strong><\/p>\n<ul>\n<li><strong>Leitungskapazit\u00e4t:<\/strong> 0.16\/300m, 0.18\/250m, 0.20\/200m<\/li>\n<li><strong>Gewicht:<\/strong> 41g<\/li>\n<li><strong>Konizit\u00e4t:<\/strong> 5\u00b0<\/li>\n<li><strong>Material:<\/strong> Luftfahrt-Aluminium<\/li>\n<li><strong>Bremssystem:<\/strong> Carbon<\/li>\n<\/ul>\n<p><em>Kompatibel mit dem originalen Daiwa-Bremskopf.<\/em><\/p>\n","protected":false},"excerpt":{"rendered":"<p>Diese Spule ist mit den folgenden Modellen kompatibel<\/p>\n<p>Daiwa Tournament Basia Surf 45 SCW QD<\/p>\n<p>Daiwa Tournament Basia 45 SCW QD<\/p>\n<p>Daiwa Tournament Basiair 45 QD<\/p>\n<p>Daiwa Tournament Surf Z 45 QD<\/p>\n<p>Daiwa Surf Basia QD<\/p>\n<p>Daiwa Basia 45 SLD QDX<\/p>\n<p>Shimano Kisu 45<\/p>\n<p>&nbsp;<\/p>\n","protected":false},"featured_media":15785,"template":"","meta":[],"product_brand":[],"product_cat":[136],"product_tag":[],"class_list":{"0":"post-14294","1":"product","2":"type-product","3":"status-publish","4":"has-post-thumbnail","6":"product_cat-spulen","8":"first","9":"instock","10":"taxable","11":"shipping-taxable","12":"purchasable","13":"product-type-variable"},"_links":{"self":[{"href":"https:\/\/yasaki-store.com\/de\/wp-json\/wp\/v2\/product\/14294","targetHints":{"allow":["GET"]}}],"collection":[{"href":"https:\/\/yasaki-store.com\/de\/wp-json\/wp\/v2\/product"}],"about":[{"href":"https:\/\/yasaki-store.com\/de\/wp-json\/wp\/v2\/types\/product"}],"wp:featuredmedia":[{"embeddable":true,"href":"https:\/\/yasaki-store.com\/de\/wp-json\/wp\/v2\/media\/15785"}],"wp:attachment":[{"href":"https:\/\/yasaki-store.com\/de\/wp-json\/wp\/v2\/media?parent=14294"}],"wp:term":[{"taxonomy":"product_brand","embeddable":true,"href":"https:\/\/yasaki-store.com\/de\/wp-json\/wp\/v2\/product_brand?post=14294"},{"taxonomy":"product_cat","embeddable":true,"href":"https:\/\/yasaki-store.com\/de\/wp-json\/wp\/v2\/product_cat?post=14294"},{"taxonomy":"product_tag","embeddable":true,"href":"https:\/\/yasaki-store.com\/de\/wp-json\/wp\/v2\/product_tag?post=14294"}],"curies":[{"name":"wp","href":"https:\/\/api.w.org\/{rel}","templated":true}]}}