{"id":14848,"date":"2025-04-25T19:21:13","date_gmt":"2025-04-25T19:21:13","guid":{"rendered":"https:\/\/yasaki-store.com\/?post_type=product&#038;p=14848"},"modified":"2026-04-20T11:48:40","modified_gmt":"2026-04-20T11:48:40","slug":"yasaki-tournament-drag-dw-de","status":"publish","type":"product","link":"https:\/\/yasaki-store.com\/de\/produkt\/yasaki-tournament-drag-dw-de\/","title":{"rendered":"Bremsknopf Yasaki Tournament DW"},"content":{"rendered":"<p>Nur mit der Yasaki Tournament DW Spule kompatibel.<\/p>\n","protected":false},"excerpt":{"rendered":"<p data-pm-slice=\"1 1 []\"><strong>Bremsknopf Yasaki Tournament DW: Der Stern<\/strong><\/p>\n<p data-pm-slice=\"1 1 []\">Das Sterndesign ist in der Fischereiindustrie bekannt daf\u00fcr, dass es einen komfortablen Griff und eine \u00fcberragende Bremskraft gew\u00e4hrleistet, ohne zus\u00e4tzliches Gewicht.<\/p>\n<p data-pm-slice=\"1 1 []\">Wir haben dieses Design angepasst, um die Tournament DW Spool zu vervollst\u00e4ndigen und zu verbessern, die speziell f\u00fcr Daiwa-Rollen der Spitzenklasse wie die Tournament- und Z-Serie entwickelt wurde.<\/p>\n<p data-pm-slice=\"1 1 []\"><strong>Gewicht:<\/strong> 9,5 g<br \/>\n<strong>Material:<\/strong> Luftfahrt-Aluminium<\/p>\n","protected":false},"featured_media":17057,"template":"","meta":[],"product_brand":[],"product_cat":[162],"product_tag":[],"class_list":{"0":"post-14848","1":"product","2":"type-product","3":"status-publish","4":"has-post-thumbnail","6":"product_cat-zubehor","8":"first","9":"instock","10":"taxable","11":"shipping-taxable","12":"purchasable","13":"product-type-variable"},"_links":{"self":[{"href":"https:\/\/yasaki-store.com\/de\/wp-json\/wp\/v2\/product\/14848","targetHints":{"allow":["GET"]}}],"collection":[{"href":"https:\/\/yasaki-store.com\/de\/wp-json\/wp\/v2\/product"}],"about":[{"href":"https:\/\/yasaki-store.com\/de\/wp-json\/wp\/v2\/types\/product"}],"wp:featuredmedia":[{"embeddable":true,"href":"https:\/\/yasaki-store.com\/de\/wp-json\/wp\/v2\/media\/17057"}],"wp:attachment":[{"href":"https:\/\/yasaki-store.com\/de\/wp-json\/wp\/v2\/media?parent=14848"}],"wp:term":[{"taxonomy":"product_brand","embeddable":true,"href":"https:\/\/yasaki-store.com\/de\/wp-json\/wp\/v2\/product_brand?post=14848"},{"taxonomy":"product_cat","embeddable":true,"href":"https:\/\/yasaki-store.com\/de\/wp-json\/wp\/v2\/product_cat?post=14848"},{"taxonomy":"product_tag","embeddable":true,"href":"https:\/\/yasaki-store.com\/de\/wp-json\/wp\/v2\/product_tag?post=14848"}],"curies":[{"name":"wp","href":"https:\/\/api.w.org\/{rel}","templated":true}]}}