{"id":14890,"date":"2025-04-25T20:07:12","date_gmt":"2025-04-25T20:07:12","guid":{"rendered":"https:\/\/yasaki-store.com\/?post_type=product&#038;p=14890"},"modified":"2025-04-29T22:56:47","modified_gmt":"2025-04-29T22:56:47","slug":"yasaki-bailless-kit-dw-de","status":"publish","type":"product","link":"https:\/\/yasaki-store.com\/de\/produkt\/yasaki-bailless-kit-dw-de\/","title":{"rendered":"Yasaki Bailless Kit DW"},"content":{"rendered":"<p>Kompatibel mit<\/p>\n<p>Diese Spule ist mit den folgenden Modellen kompatibel<\/p>\n<p>Daiwa Tournament Basia Surf 45 SCW QD<\/p>\n<p>Daiwa Tournament Basia 45 SCW QD<\/p>\n<p>Daiwa Tournament Basiair 45 QD<\/p>\n<p>Daiwa Tournament Surf Z 45 QD<\/p>\n<p>Daiwa Surf Basia QD<\/p>\n<p>Daiwa Basia 45 SLD QDX<\/p>\n","protected":false},"excerpt":{"rendered":"<p><strong>Yasaki Bailless Kit &#8211; Jetzt auch f\u00fcr Daiwa !<\/strong><\/p>\n<p>Erh\u00f6hen Sie Ihr Angelerlebnis mit dem neuen Yasaki Bailless Kit DW, das speziell f\u00fcr die Top-Rollen von Daiwa entwickelt wurde!<\/p>\n<p><strong>Was ist der B\u00fcgel und was bedeutet \u201eb\u00fcgellos\u201c?<\/strong><\/p>\n<p>Der B\u00fcgel ist der Teil der Rolle, der typischerweise eine halbkreisf\u00f6rmige Form hat und aus Metalldraht besteht. Er \u00f6ffnet sich, um die Angelschnur vor dem Wurf freizugeben, und schlie\u00dft sich zum Einholen. Wenn dieses Teil von der Rolle entfernt wird, wird die Rolle ohne B\u00fcgel oder bailless.<\/p>\n<p><strong>Warum sollten Sie das Yasaki Bailless Kit verwenden?<\/strong><\/p>\n<ul>\n<li><strong>Effizienz<\/strong>: Um die Achse bei kraftvollen W\u00fcrfen zu sch\u00fctzen, \u00f6ffnet der Angler normalerweise die Bremse und versucht, die Spule vor dem Wurf in die unterste Position zu bringen. Dieser Vorgang kann zeitaufw\u00e4ndig sein, besonders bei Rollen mit sehr langsamer Oszillation, und im Wettbewerb nachteilig sein, wo eine schnelle Aktion erforderlich ist. Dank des Yasaki B\u00fcgelloses Kits gen\u00fcgt es, die Schnur herauszunehmen, mit dem Finger zu halten, ein paar schnelle Umdrehungen zu machen, und man ist bereit zum Werfen. Dieser vereinfachte Prozess reduziert die unn\u00f6tige Verwendung der Bremsreibung und spart wertvolle Zeit bei dynamischen Angeln.<\/li>\n<li><strong>Einfache Schnurverwaltung:<\/strong> Das Fehlen eines B\u00fcgels erm\u00f6glicht einen einfachen Zugang zur Schnur, wenn sie sich um die Spule verheddert, und erleichtert Anpassungen und das Entwirren.<\/li>\n<li><strong>Platzsparend<\/strong>: Der B\u00fcgel der Rolle kann sehr gro\u00df sein und ein erhebliches Volumen in dem Angelbox oder im Rucksack einnehmen, besonders wenn mehrere Rollen mitgenommen werden. Das kompakte Design des Yasaki B\u00fcgelloses Kits reduziert unn\u00f6tigen Platzbedarf und erm\u00f6glicht es, mehrere Rollen in einem viel kleineren Raum unterzubringen, ideal f\u00fcr k\u00fcrzere Angelausfl\u00fcge und Wettbewerbe.<\/li>\n<li><strong>Leichte Konstruktion<\/strong>: Der herk\u00f6mmliche B\u00fcgel wiegt in der Regel zwischen 21-25 g, w\u00e4hrend das Yasaki-Kit ohne B\u00fcgel nur 7 g wiegt, was einen Leistungsgewinn bei gleichzeitiger Gewichtseinsparung bedeutet.<\/li>\n<\/ul>\n<p><strong>Bestellen Sie jetzt und machen Sie den ersten Schritt zu einem \u00fcberlegenen Angelerlebnis mit Yasaki!<\/strong><\/p>\n","protected":false},"featured_media":15031,"template":"","meta":[],"product_brand":[],"product_cat":[162],"product_tag":[],"class_list":{"0":"post-14890","1":"product","2":"type-product","3":"status-publish","4":"has-post-thumbnail","6":"product_cat-zubehor","8":"first","9":"instock","10":"taxable","11":"shipping-taxable","12":"purchasable","13":"product-type-simple"},"_links":{"self":[{"href":"https:\/\/yasaki-store.com\/de\/wp-json\/wp\/v2\/product\/14890","targetHints":{"allow":["GET"]}}],"collection":[{"href":"https:\/\/yasaki-store.com\/de\/wp-json\/wp\/v2\/product"}],"about":[{"href":"https:\/\/yasaki-store.com\/de\/wp-json\/wp\/v2\/types\/product"}],"wp:featuredmedia":[{"embeddable":true,"href":"https:\/\/yasaki-store.com\/de\/wp-json\/wp\/v2\/media\/15031"}],"wp:attachment":[{"href":"https:\/\/yasaki-store.com\/de\/wp-json\/wp\/v2\/media?parent=14890"}],"wp:term":[{"taxonomy":"product_brand","embeddable":true,"href":"https:\/\/yasaki-store.com\/de\/wp-json\/wp\/v2\/product_brand?post=14890"},{"taxonomy":"product_cat","embeddable":true,"href":"https:\/\/yasaki-store.com\/de\/wp-json\/wp\/v2\/product_cat?post=14890"},{"taxonomy":"product_tag","embeddable":true,"href":"https:\/\/yasaki-store.com\/de\/wp-json\/wp\/v2\/product_tag?post=14890"}],"curies":[{"name":"wp","href":"https:\/\/api.w.org\/{rel}","templated":true}]}}