{"id":17406,"date":"2026-02-17T13:46:13","date_gmt":"2026-02-17T13:46:13","guid":{"rendered":"https:\/\/yasaki-store.com\/?post_type=product&#038;p=17406"},"modified":"2026-02-17T22:03:16","modified_gmt":"2026-02-17T22:03:16","slug":"yasaki-competition-35-spule","status":"publish","type":"product","link":"https:\/\/yasaki-store.com\/de\/produkt\/yasaki-competition-35-spule\/","title":{"rendered":"Yasaki Competition 35 Spule"},"content":{"rendered":"<h3 data-start=\"219\" data-end=\"257\"><strong data-start=\"223\" data-end=\"257\">Yasaki Competition Spulenserie<\/strong><\/h3>\n<p data-start=\"259\" data-end=\"426\">Die Yasaki Competition Spulenserie wurde entwickelt, um den Anforderungen des technischen und wettkampforientierten Angelns gerecht zu werden, bei dem Pr\u00e4zision, Kontrolle und Konstanz entscheidend sind.<\/p>\n<p data-start=\"428\" data-end=\"742\">Umfangreiche Praxistests auf h\u00f6chstem Wettkampfniveau haben gezeigt, dass eine Konizit\u00e4t von 6\u00b0 die optimale Geometrie darstellt, um weite W\u00fcrfe mit einer kontrollierten Schnuraufnahme zu verbinden. Dieses Profil erm\u00f6glicht eine gleichm\u00e4\u00dfige und stabile Schnurfreigabe und reduziert gleichzeitig das Risiko von Per\u00fcckenbildung deutlich, selbst bei hohen Wurfbelastungen.<\/p>\n<p data-start=\"744\" data-end=\"1052\">Gefertigt aus Aluminium in Luftfahrtqualit\u00e4t und ausgew\u00e4hlten Premium-Materialien erreichen Yasaki-Spulen eine au\u00dfergew\u00f6hnliche Leichtigkeit, ohne die strukturelle Stabilit\u00e4t zu beeintr\u00e4chtigen. Das verfeinerte konische Profil in Kombination mit einer pr\u00e4zise ausgelegten Mikrosteigung sorgt f\u00fcr eine exakte Schnurverlegung und minimiert die Reibung beim Schnurablauf.<\/p>\n<p data-start=\"1054\" data-end=\"1360\">Das Bremssystem ist speziell f\u00fcr Surfcasting und Karpfenangeln abgestimmt und verf\u00fcgt \u00fcber einen progressiven integrierten Klicker, der konstantes Feedback und zuverl\u00e4ssige Kontrolle unter anspruchsvollen Bedingungen bietet. Das System wurde im Wettkampfeinsatz validiert, um langfristige Haltbarkeit und Pr\u00e4zision zu gew\u00e4hrleisten.<\/p>\n<p data-start=\"1362\" data-end=\"1530\">Jede konstruktive Entscheidung basiert auf mechanischer Effizienz und funktionaler Optimierung und erm\u00f6glicht Anglern maximale Kontrolle unter anspruchsvollen Bedingungen.<\/p>\n<p data-start=\"1532\" data-end=\"1600\"><strong>Kompatibel mit dem originalen Shimano-Bremsknopf.<\/strong><\/p>\n<p>Schnurkapazit\u00e4t: 0.16\/300m &#8211; 0.18\/250m &#8211; 0.20\/200m<\/p>\n<p>Gewicht: 40 g<\/p>\n<p>Konizit\u00e4t: 6\u00b0<\/p>\n<p>Material: Aerospace Aluminium<\/p>\n<p>Bremssystem: Carbon<\/p>\n","protected":false},"excerpt":{"rendered":"<p>Diese Spule ist mit den folgenden Modellen kompatibel<\/p>\n<p>Shimano Ultegra 14000 XSD\/XTD<br \/>\nShimano Ultegra 3500 XSD\/XSE<br \/>\nShimano Ultegra 14000 XSE\/XTE<br \/>\nShimano Ultegra 14000 XSC\/XTC CI4+<br \/>\nShimano Ultegra 14000 XR XSD\/XTD<br \/>\nShimano Power Aero 14000 XSB\/XTB<br \/>\nShimano Power Aero 14000 XSC\/XTC<br \/>\nShimano Surf Leader 35 2013\/2018\/2025<br \/>\nShimano Spin Joy 35 2014<br \/>\nShimano Bull\u2019s Eye XT<br \/>\nShimano Bull\u2019s Eye 9100 \/ 9120<br \/>\nShimano Fliegen 2009\/2012\/2013\/2017\/2024<br \/>\nShimano Kisu Spezial MG \/ 2011 CE \/ 2016<br \/>\nShimano Aero Technium 10000 MGS XSA<br \/>\nShimano Aero Technium 10000 MGS XSB<br \/>\nShimano Aero Technium 14000 MGS XSC<\/p>\n","protected":false},"featured_media":17591,"template":"","meta":[],"product_brand":[],"product_cat":[136],"product_tag":[],"class_list":{"0":"post-17406","1":"product","2":"type-product","3":"status-publish","4":"has-post-thumbnail","6":"product_cat-spulen","8":"first","9":"instock","10":"taxable","11":"shipping-taxable","12":"purchasable","13":"product-type-variable"},"_links":{"self":[{"href":"https:\/\/yasaki-store.com\/de\/wp-json\/wp\/v2\/product\/17406","targetHints":{"allow":["GET"]}}],"collection":[{"href":"https:\/\/yasaki-store.com\/de\/wp-json\/wp\/v2\/product"}],"about":[{"href":"https:\/\/yasaki-store.com\/de\/wp-json\/wp\/v2\/types\/product"}],"wp:featuredmedia":[{"embeddable":true,"href":"https:\/\/yasaki-store.com\/de\/wp-json\/wp\/v2\/media\/17591"}],"wp:attachment":[{"href":"https:\/\/yasaki-store.com\/de\/wp-json\/wp\/v2\/media?parent=17406"}],"wp:term":[{"taxonomy":"product_brand","embeddable":true,"href":"https:\/\/yasaki-store.com\/de\/wp-json\/wp\/v2\/product_brand?post=17406"},{"taxonomy":"product_cat","embeddable":true,"href":"https:\/\/yasaki-store.com\/de\/wp-json\/wp\/v2\/product_cat?post=17406"},{"taxonomy":"product_tag","embeddable":true,"href":"https:\/\/yasaki-store.com\/de\/wp-json\/wp\/v2\/product_tag?post=17406"}],"curies":[{"name":"wp","href":"https:\/\/api.w.org\/{rel}","templated":true}]}}