{"id":12394,"date":"2024-05-22T21:27:47","date_gmt":"2024-05-22T21:27:47","guid":{"rendered":"https:\/\/yasaki-store.com\/product\/bobina-yasaki-tournament-35\/"},"modified":"2026-02-27T09:58:01","modified_gmt":"2026-02-27T09:58:01","slug":"bobina-yasaki-tournament-35","status":"publish","type":"product","link":"https:\/\/yasaki-store.com\/es\/producto\/bobina-yasaki-tournament-35\/","title":{"rendered":"Bobina Yasaki Tournament 35"},"content":{"rendered":"<p><strong>Bobinas Yasaki Tournament: Rendimiento inigualable para tu carrete Shimano<\/strong><\/p>\n<p>Fabricados con aluminio de calidad aeroespacial y materiales de primera calidad, los bobinas Yasaki Tournament est\u00e1n dise\u00f1ados para ofrecer una ligereza excepcional y una resistencia mec\u00e1nica sin igual. Dise\u00f1ados con un perfil c\u00f3nico y un micropaso, estos bobinas garantizan una disposici\u00f3n perfecta del hilo y una geometr\u00eda \u00fanica para una fricci\u00f3n m\u00ednima del hilo durante el lanzamiento, lo que se traduce en una distancia de lanzamiento excepcional.<\/p>\n<p>La gran resistencia del freno est\u00e1 adaptada al surfcasting, con el apoyo de un sistema de carraca integrado innovador, preciso y progresivo. Este sistema ha sido rigurosamente probado en colaboraci\u00f3n con los mejores competidores de surfcasting de Espa\u00f1a e Italia, lo que garantiza su fiabilidad y rendimiento.<\/p>\n<p>Experimenta el placer de un lance superior con las bobinas Yasaki Tournament, \u00a1siempre a un precio competitivo!<\/p>\n<p>\u00a1Compatible con el tapon de freno original shimano !<\/p>\n<p>Capacidad: 0,16\/300 m &#8211; 0,18\/250 m &#8211; 0,20\/200 m<\/p>\n<p>Peso: 39 g<\/p>\n<p>Conicidad: 3 grados<\/p>\n<p>Material: Aluminio aeroespacial<\/p>\n<p>Sistema de frenos: Carbono<\/p>\n","protected":false},"excerpt":{"rendered":"<p>Esta bobina es compatible con los siguientes modelos<\/p>\n<p>Shimano Ultegra 14000 XSD\/XTD<\/p>\n<p>Shimano Ultegra 3500 XSD\/XSE<\/p>\n<p>Shimano Ultegra 14000 XSE\/XTE<\/p>\n<p>Shimano Ultegra 14000 XSC\/XTC CI4+<\/p>\n<p>Shimano Ultegra 14000 XR XSD\/XTD<\/p>\n<p>Shimano Power Aero 14000 XSB\/XTB<\/p>\n<p>Shimano Power Aero 14000 XSC\/XTC<\/p>\n<p>Shimano Surf Leader 35 2013\/2018\/2025<\/p>\n<p>Shimano Spin Joy 35 2014<\/p>\n<p>Shimano Bull&#8217;s Eye XT<\/p>\n<p>Shimano Bull&#8217;s Eye 9100 \/ 9120<\/p>\n<p>Shimano Fliegen 2009\/2012\/2013\/2017\/2024<\/p>\n<p>Shimano Kisu Special MG \/ 2011 CE \/ 2016<\/p>\n<p>Shimano Aero Technium 10000 MGS XSA<\/p>\n<p>Shimano Aero Technium 10000 MGS XSB<\/p>\n<p>Shimano Aero Technium 14000 MGS XSC<\/p>\n","protected":false},"featured_media":12232,"template":"","meta":[],"product_brand":[],"product_cat":[143],"product_tag":[],"class_list":{"0":"post-12394","1":"product","2":"type-product","3":"status-publish","4":"has-post-thumbnail","6":"product_cat-bobinas","8":"first","9":"instock","10":"taxable","11":"shipping-taxable","12":"purchasable","13":"product-type-variable"},"_links":{"self":[{"href":"https:\/\/yasaki-store.com\/es\/wp-json\/wp\/v2\/product\/12394","targetHints":{"allow":["GET"]}}],"collection":[{"href":"https:\/\/yasaki-store.com\/es\/wp-json\/wp\/v2\/product"}],"about":[{"href":"https:\/\/yasaki-store.com\/es\/wp-json\/wp\/v2\/types\/product"}],"wp:featuredmedia":[{"embeddable":true,"href":"https:\/\/yasaki-store.com\/es\/wp-json\/wp\/v2\/media\/12232"}],"wp:attachment":[{"href":"https:\/\/yasaki-store.com\/es\/wp-json\/wp\/v2\/media?parent=12394"}],"wp:term":[{"taxonomy":"product_brand","embeddable":true,"href":"https:\/\/yasaki-store.com\/es\/wp-json\/wp\/v2\/product_brand?post=12394"},{"taxonomy":"product_cat","embeddable":true,"href":"https:\/\/yasaki-store.com\/es\/wp-json\/wp\/v2\/product_cat?post=12394"},{"taxonomy":"product_tag","embeddable":true,"href":"https:\/\/yasaki-store.com\/es\/wp-json\/wp\/v2\/product_tag?post=12394"}],"curies":[{"name":"wp","href":"https:\/\/api.w.org\/{rel}","templated":true}]}}