{"id":12454,"date":"2024-05-24T14:39:35","date_gmt":"2024-05-24T14:39:35","guid":{"rendered":"https:\/\/yasaki-store.com\/?post_type=product&#038;p=12454"},"modified":"2026-04-13T08:18:42","modified_gmt":"2026-04-13T08:18:42","slug":"bobina-yasaki-tournament-45","status":"publish","type":"product","link":"https:\/\/yasaki-store.com\/es\/producto\/bobina-yasaki-tournament-45\/","title":{"rendered":"Bobina Yasaki Tournament 45"},"content":{"rendered":"<p><strong>Bobinas Yasaki Tournament: Rendimiento inigualable para tu carrete Shimano<\/strong><\/p>\n<p>Fabricados con aluminio de calidad aeroespacial y materiales de primera calidad, los bobinas Yasaki Tournament est\u00e1n dise\u00f1ados para ofrecer una ligereza excepcional y una resistencia mec\u00e1nica sin igual. Dise\u00f1ados con un perfil c\u00f3nico y un micropaso, estos bobinas garantizan una disposici\u00f3n perfecta del hilo y una geometr\u00eda \u00fanica para una fricci\u00f3n m\u00ednima del hilo durante el lanzamiento, lo que se traduce en una distancia de lanzamiento excepcional.<\/p>\n<p>La gran resistencia del freno est\u00e1 adaptada al surfcasting, con el apoyo de un sistema de carraca integrado innovador, preciso y progresivo. Este sistema ha sido rigurosamente probado en colaboraci\u00f3n con los mejores competidores de surfcasting de Espa\u00f1a e Italia, lo que garantiza su fiabilidad y rendimiento.<\/p>\n<p>Experimenta el placer de un lance superior con las bobinas Yasaki Tournament, \u00a1siempre a un precio competitivo!<\/p>\n<p>\u00a1Compatible con el tapon de freno original shimano !<\/p>\n<p>Capacidad: 0,16\/300 m &#8211; 0,18\/250 m &#8211; 0,20\/200 m<\/p>\n<p>Peso: 43 g<\/p>\n<p>Conicidad: 3 grados<\/p>\n<p>Material: Aluminio aeroespacial<\/p>\n<p>Sistema de frenos: Carbono<\/p>\n","protected":false},"excerpt":{"rendered":"<p>Esta bobina es compatible con los siguientes modelos<\/p>\n<p>Shimano Aero Technium 14000 MGS XTD<\/p>\n<p>Shimano Aero Technium 14000 MGS XSD<\/p>\n","protected":false},"featured_media":16984,"template":"","meta":[],"product_brand":[],"product_cat":[143],"product_tag":[],"class_list":{"0":"post-12454","1":"product","2":"type-product","3":"status-publish","4":"has-post-thumbnail","6":"product_cat-bobinas","8":"first","9":"instock","10":"taxable","11":"shipping-taxable","12":"purchasable","13":"product-type-variable"},"_links":{"self":[{"href":"https:\/\/yasaki-store.com\/es\/wp-json\/wp\/v2\/product\/12454","targetHints":{"allow":["GET"]}}],"collection":[{"href":"https:\/\/yasaki-store.com\/es\/wp-json\/wp\/v2\/product"}],"about":[{"href":"https:\/\/yasaki-store.com\/es\/wp-json\/wp\/v2\/types\/product"}],"wp:featuredmedia":[{"embeddable":true,"href":"https:\/\/yasaki-store.com\/es\/wp-json\/wp\/v2\/media\/16984"}],"wp:attachment":[{"href":"https:\/\/yasaki-store.com\/es\/wp-json\/wp\/v2\/media?parent=12454"}],"wp:term":[{"taxonomy":"product_brand","embeddable":true,"href":"https:\/\/yasaki-store.com\/es\/wp-json\/wp\/v2\/product_brand?post=12454"},{"taxonomy":"product_cat","embeddable":true,"href":"https:\/\/yasaki-store.com\/es\/wp-json\/wp\/v2\/product_cat?post=12454"},{"taxonomy":"product_tag","embeddable":true,"href":"https:\/\/yasaki-store.com\/es\/wp-json\/wp\/v2\/product_tag?post=12454"}],"curies":[{"name":"wp","href":"https:\/\/api.w.org\/{rel}","templated":true}]}}