{"id":13040,"date":"2024-08-13T16:41:45","date_gmt":"2024-08-13T16:41:45","guid":{"rendered":"https:\/\/yasaki-store.com\/product\/elastico-bobinas-yasaki\/"},"modified":"2026-02-05T13:11:03","modified_gmt":"2026-02-05T13:11:03","slug":"elastico-bobinas-yasaki","status":"publish","type":"product","link":"https:\/\/yasaki-store.com\/es\/producto\/elastico-bobinas-yasaki\/","title":{"rendered":"Elastico Bobinas Yasaki"},"content":{"rendered":"","protected":false},"excerpt":{"rendered":"<p>Nuestra elastico de bobinas lleva grabado el logo de Yasaki Tournament para ofrecer un aspecto discreto y con clase, sin demasiadas distracciones. Fabricado con un material suave, es f\u00e1cil de instalar, evita que el hilo se enrede y mantiene el hilo bien sujeto despu\u00e9s de pescar. Tambi\u00e9n ofrece protecci\u00f3n contra los rayos UV, alargando la vida del hilo.<\/p>\n","protected":false},"featured_media":13030,"template":"","meta":[],"product_brand":[],"product_cat":[143],"product_tag":[],"class_list":{"0":"post-13040","1":"product","2":"type-product","3":"status-publish","4":"has-post-thumbnail","6":"product_cat-bobinas","8":"first","9":"instock","10":"taxable","11":"shipping-taxable","12":"purchasable","13":"product-type-simple"},"_links":{"self":[{"href":"https:\/\/yasaki-store.com\/es\/wp-json\/wp\/v2\/product\/13040","targetHints":{"allow":["GET"]}}],"collection":[{"href":"https:\/\/yasaki-store.com\/es\/wp-json\/wp\/v2\/product"}],"about":[{"href":"https:\/\/yasaki-store.com\/es\/wp-json\/wp\/v2\/types\/product"}],"wp:featuredmedia":[{"embeddable":true,"href":"https:\/\/yasaki-store.com\/es\/wp-json\/wp\/v2\/media\/13030"}],"wp:attachment":[{"href":"https:\/\/yasaki-store.com\/es\/wp-json\/wp\/v2\/media?parent=13040"}],"wp:term":[{"taxonomy":"product_brand","embeddable":true,"href":"https:\/\/yasaki-store.com\/es\/wp-json\/wp\/v2\/product_brand?post=13040"},{"taxonomy":"product_cat","embeddable":true,"href":"https:\/\/yasaki-store.com\/es\/wp-json\/wp\/v2\/product_cat?post=13040"},{"taxonomy":"product_tag","embeddable":true,"href":"https:\/\/yasaki-store.com\/es\/wp-json\/wp\/v2\/product_tag?post=13040"}],"curies":[{"name":"wp","href":"https:\/\/api.w.org\/{rel}","templated":true}]}}