{"id":13079,"date":"2024-08-28T18:09:20","date_gmt":"2024-08-28T18:09:20","guid":{"rendered":"https:\/\/yasaki-store.com\/product\/bobina-yasaki-surf-45\/"},"modified":"2025-10-06T19:54:55","modified_gmt":"2025-10-06T19:54:55","slug":"bobina-yasaki-surf-45","status":"publish","type":"product","link":"https:\/\/yasaki-store.com\/es\/producto\/bobina-yasaki-surf-45\/","title":{"rendered":"Bobina Yasaki Surf 45"},"content":{"rendered":"<p><strong>Presentamos los bobinas de Surf Yasaki: \u00a1Supera tus l\u00edmites!<\/strong><\/p>\n<p>El modelo \u00abSURF\u00bb se ha introducido para hacer frente a condiciones duras como el surfcasting pesado, el longcasting, la pesca de carpas o la b\u00fasqueda de depredadores.<\/p>\n<p>Adem\u00e1s, la bobina tiene una funci\u00f3n que permite instalar f\u00e1cilmente 2 Lineclips para marcar la distancia de pesca y lanzar con precisi\u00f3n.<\/p>\n<p>Fabricadas con aluminio de calidad aeroespacial y materiales de primera calidad, las bobinas de surf Yasaki est\u00e1n dise\u00f1adas para ofrecer una ligereza y una resistencia mec\u00e1nica excepcionales. Dise\u00f1ados con un perfil c\u00f3nico y un micropaso, estos bobinas garantizan una disposici\u00f3n perfecta del hilo y una geometr\u00eda especial para una fricci\u00f3n m\u00ednima del hilo, lo que se traduce en una distancia de lancio excepcional.<\/p>\n<p>El sistema de freno est\u00e1 adaptado para ofrecer progresividad y resistencia, con un exclusivo sistema de carraca integrado. Este sistema se ha probado rigurosamente en colaboraci\u00f3n con los mejores competidores para conseguir la mejor experiencia de pesca.<\/p>\n<p>\u00a1La bobina es compatible con el tapo de freno original de shimano !<\/p>\n<p>Capacidad: 0,28\/350 m &#8211; 0,30\/300 m &#8211; 0,35\/250 m<\/p>\n<p>Peso: 43 g<\/p>\n<p>Conicidad: 3 grados<\/p>\n<p>Material: Aluminio aeroespacial<\/p>\n<p>Sistema de frenos: Carbono<\/p>\n<p>***El Lineclip no est\u00e1 incluido<\/p>\n","protected":false},"excerpt":{"rendered":"<p>Esta bobina es compatible con los siguientes modelos<\/p>\n<p>Shimano Aero Technium 14000 MGS XTD<\/p>\n<p>Shimano Aero Technium 14000 MGS XSD<\/p>\n","protected":false},"featured_media":15263,"template":"","meta":[],"product_brand":[],"product_cat":[143],"product_tag":[],"class_list":{"0":"post-13079","1":"product","2":"type-product","3":"status-publish","4":"has-post-thumbnail","6":"product_cat-bobinas","8":"first","9":"instock","10":"taxable","11":"shipping-taxable","12":"purchasable","13":"product-type-variable"},"_links":{"self":[{"href":"https:\/\/yasaki-store.com\/es\/wp-json\/wp\/v2\/product\/13079","targetHints":{"allow":["GET"]}}],"collection":[{"href":"https:\/\/yasaki-store.com\/es\/wp-json\/wp\/v2\/product"}],"about":[{"href":"https:\/\/yasaki-store.com\/es\/wp-json\/wp\/v2\/types\/product"}],"wp:featuredmedia":[{"embeddable":true,"href":"https:\/\/yasaki-store.com\/es\/wp-json\/wp\/v2\/media\/15263"}],"wp:attachment":[{"href":"https:\/\/yasaki-store.com\/es\/wp-json\/wp\/v2\/media?parent=13079"}],"wp:term":[{"taxonomy":"product_brand","embeddable":true,"href":"https:\/\/yasaki-store.com\/es\/wp-json\/wp\/v2\/product_brand?post=13079"},{"taxonomy":"product_cat","embeddable":true,"href":"https:\/\/yasaki-store.com\/es\/wp-json\/wp\/v2\/product_cat?post=13079"},{"taxonomy":"product_tag","embeddable":true,"href":"https:\/\/yasaki-store.com\/es\/wp-json\/wp\/v2\/product_tag?post=13079"}],"curies":[{"name":"wp","href":"https:\/\/api.w.org\/{rel}","templated":true}]}}