{"id":13109,"date":"2024-08-30T15:38:44","date_gmt":"2024-08-30T15:38:44","guid":{"rendered":"https:\/\/yasaki-store.com\/?post_type=product&#038;p=13109"},"modified":"2026-04-26T16:59:37","modified_gmt":"2026-04-26T16:59:37","slug":"bobina-yasaki-surf-35","status":"publish","type":"product","link":"https:\/\/yasaki-store.com\/es\/producto\/bobina-yasaki-surf-35\/","title":{"rendered":"Bobina Yasaki Surf 35"},"content":{"rendered":"<p><strong>Presentamos los bobinas de Surf Yasaki: \u00a1Supera tus l\u00edmites!<\/strong><\/p>\n<p>El modelo \u00abSURF\u00bb se ha introducido para hacer frente a condiciones duras como el surfcasting pesado, el longcasting, la pesca de carpas o la b\u00fasqueda de depredadores.<\/p>\n<p>Adem\u00e1s, la bobina tiene una funci\u00f3n que permite instalar f\u00e1cilmente 2 Lineclips para marcar la distancia de pesca y lanzar con precisi\u00f3n.<\/p>\n<p>Fabricadas con aluminio de calidad aeroespacial y materiales de primera calidad, las bobinas de surf Yasaki est\u00e1n dise\u00f1adas para ofrecer una ligereza y una resistencia mec\u00e1nica excepcionales. Dise\u00f1ados con un perfil c\u00f3nico y un micropaso, estos bobinas garantizan una disposici\u00f3n perfecta del hilo y una geometr\u00eda especial para una fricci\u00f3n m\u00ednima del hilo, lo que se traduce en una distancia de lancio excepcional.<\/p>\n<p>El sistema de freno est\u00e1 adaptado para ofrecer progresividad y resistencia, con un exclusivo sistema de carraca integrado. Este sistema se ha probado rigurosamente en colaboraci\u00f3n con los mejores competidores para conseguir la mejor experiencia de pesca.<\/p>\n<p>\u00a1La bobina es compatible con el tapo de freno original de shimano !<\/p>\n<p>Capacidad de la l\u00ednea: 0,28\/350 m &#8211; 0,30\/300 m &#8211; 0,35\/250 m<\/p>\n<p>Peso: 39 g<\/p>\n<p>Conicidad: 3 grados<\/p>\n<p>Material: Aluminio aeroespacial<\/p>\n<p>Sistema de frenos: Carbono<\/p>\n<p>***El Lineclip no est\u00e1 incluido<\/p>\n","protected":false},"excerpt":{"rendered":"<p>Esta bobina es compatible con los siguientes modelos<\/p>\n<p>Shimano Ultegra 14000 XSD\/XTD<\/p>\n<p>Shimano Ultegra 3500 XSD\/XSE<\/p>\n<p>Shimano Ultegra 14000 XSE\/XTE<\/p>\n<p>Shimano Ultegra 14000 XSC\/XTC CI4+<\/p>\n<p>Shimano Ultegra 14000 XR XSD\/XTD<\/p>\n<p>Shimano Power Aero 14000 XSB\/XTB<\/p>\n<p>Shimano Power Aero 14000 XSC\/XTC<\/p>\n<p>Shimano Big Baitrunner LC 14000 XTB<\/p>\n<p>Shimano Big Baitrunner LC 14000 XTB CI4+<\/p>\n<p>Shimano Surf Leader 35 2013\/2018\/2025<\/p>\n<p>Shimano Spin Joy 35 2014<\/p>\n<p>Shimano Bull\u2019s Eye XT<\/p>\n<p>Shimano Bull\u2019s Eye 9100 \/ 9120<\/p>\n<p>Shimano Fliegen 2009\/2012\/2013\/2017\/2024<\/p>\n<p>Shimano Kisu Special MG \/ 2011 CE \/ 2016<\/p>\n<p>Shimano Aero Technium 10000 MGS XSA<\/p>\n<p>Shimano Aero Technium 10000 MGS XSB<\/p>\n<p>Shimano Aero Technium 14000 MGS XSC<\/p>\n","protected":false},"featured_media":16135,"template":"","meta":[],"product_brand":[],"product_cat":[143],"product_tag":[],"class_list":{"0":"post-13109","1":"product","2":"type-product","3":"status-publish","4":"has-post-thumbnail","6":"product_cat-bobinas","8":"first","9":"instock","10":"taxable","11":"shipping-taxable","12":"purchasable","13":"product-type-variable"},"_links":{"self":[{"href":"https:\/\/yasaki-store.com\/es\/wp-json\/wp\/v2\/product\/13109","targetHints":{"allow":["GET"]}}],"collection":[{"href":"https:\/\/yasaki-store.com\/es\/wp-json\/wp\/v2\/product"}],"about":[{"href":"https:\/\/yasaki-store.com\/es\/wp-json\/wp\/v2\/types\/product"}],"wp:featuredmedia":[{"embeddable":true,"href":"https:\/\/yasaki-store.com\/es\/wp-json\/wp\/v2\/media\/16135"}],"wp:attachment":[{"href":"https:\/\/yasaki-store.com\/es\/wp-json\/wp\/v2\/media?parent=13109"}],"wp:term":[{"taxonomy":"product_brand","embeddable":true,"href":"https:\/\/yasaki-store.com\/es\/wp-json\/wp\/v2\/product_brand?post=13109"},{"taxonomy":"product_cat","embeddable":true,"href":"https:\/\/yasaki-store.com\/es\/wp-json\/wp\/v2\/product_cat?post=13109"},{"taxonomy":"product_tag","embeddable":true,"href":"https:\/\/yasaki-store.com\/es\/wp-json\/wp\/v2\/product_tag?post=13109"}],"curies":[{"name":"wp","href":"https:\/\/api.w.org\/{rel}","templated":true}]}}