{"id":13493,"date":"2024-09-10T13:30:54","date_gmt":"2024-09-10T13:30:54","guid":{"rendered":"https:\/\/yasaki-store.com\/product\/lineclip-bobina-yasaki\/"},"modified":"2026-03-02T16:54:07","modified_gmt":"2026-03-02T16:54:07","slug":"lineclip-bobina-yasaki","status":"publish","type":"product","link":"https:\/\/yasaki-store.com\/es\/producto\/lineclip-bobina-yasaki\/","title":{"rendered":"Lineclip para Bobina Yasaki"},"content":{"rendered":"","protected":false},"excerpt":{"rendered":"<p><strong>Presentamos Yasaki Lineclip<\/strong>: Fabricado 100% en acero inoxidable, nuestro lineclip es h\u00e1bil y f\u00e1cil de instalar gracias a un dise\u00f1o preciso y enroscable.<\/p>\n<p>El lineclip puede instalarse en ambos lados de las bobinas Yasaki para mayor comodidad y precisi\u00f3n.<\/p>\n<p>***Compatible s\u00f3lo con Bobinas Yasaki.<\/p>\n","protected":false},"featured_media":13488,"template":"","meta":[],"product_brand":[],"product_cat":[143],"product_tag":[],"class_list":{"0":"post-13493","1":"product","2":"type-product","3":"status-publish","4":"has-post-thumbnail","6":"product_cat-bobinas","8":"first","9":"instock","10":"taxable","11":"shipping-taxable","12":"purchasable","13":"product-type-simple"},"_links":{"self":[{"href":"https:\/\/yasaki-store.com\/es\/wp-json\/wp\/v2\/product\/13493","targetHints":{"allow":["GET"]}}],"collection":[{"href":"https:\/\/yasaki-store.com\/es\/wp-json\/wp\/v2\/product"}],"about":[{"href":"https:\/\/yasaki-store.com\/es\/wp-json\/wp\/v2\/types\/product"}],"wp:featuredmedia":[{"embeddable":true,"href":"https:\/\/yasaki-store.com\/es\/wp-json\/wp\/v2\/media\/13488"}],"wp:attachment":[{"href":"https:\/\/yasaki-store.com\/es\/wp-json\/wp\/v2\/media?parent=13493"}],"wp:term":[{"taxonomy":"product_brand","embeddable":true,"href":"https:\/\/yasaki-store.com\/es\/wp-json\/wp\/v2\/product_brand?post=13493"},{"taxonomy":"product_cat","embeddable":true,"href":"https:\/\/yasaki-store.com\/es\/wp-json\/wp\/v2\/product_cat?post=13493"},{"taxonomy":"product_tag","embeddable":true,"href":"https:\/\/yasaki-store.com\/es\/wp-json\/wp\/v2\/product_tag?post=13493"}],"curies":[{"name":"wp","href":"https:\/\/api.w.org\/{rel}","templated":true}]}}