{"id":13758,"date":"2024-10-31T14:53:55","date_gmt":"2024-10-31T14:53:55","guid":{"rendered":"https:\/\/yasaki-store.com\/?post_type=product&#038;p=13758"},"modified":"2026-03-23T19:44:21","modified_gmt":"2026-03-23T19:44:21","slug":"yasaki-bailless-kit-titanio","status":"publish","type":"product","link":"https:\/\/yasaki-store.com\/es\/producto\/yasaki-bailless-kit-titanio\/","title":{"rendered":"Kit Yasaki Bailless Titanio"},"content":{"rendered":"<p>Compatible con<\/p>\n<p>Shimano Ultegra 3500\/14000 XSD\/XTD<br \/>\nShimano Ultegra 14000 XSC\/XTC CI4+<br \/>\nShimano Ultegra 14000 XSC\/XTC XR<br \/>\nShimano Power Aero 14000 XSB\/XTB<br \/>\nShimano Power Aero (PG) 140000 XSC\/XTC<br \/>\nShimano Surf Leader 35 2013\/2018\/2025<br \/>\nShimano Spin Joy 35 2014<br \/>\nShimano Bull&#8217;s Eye XT<br \/>\nShimano Bull&#8217;s Eye 9100 \/ 9120<br \/>\nShimano Fliegen 2009\/2012\/2013\/2017\/2024<br \/>\nShimano Kisu Special MG \/ 2011 CE \/ 2016 \/ 45<br \/>\nShimano Aero Technium 10000 MGS XSA<br \/>\nShimano Aero Technium 10000 MGS XSB<br \/>\nShimano Aero Technium 14000 MGS XSC<br \/>\nShimano Aero Technium 14000 MGS XSD<br \/>\nShimano Aero Technium 14000 MGS XTD<\/p>\n","protected":false},"excerpt":{"rendered":"<p><strong>Yasaki Bailless Kit en Titanio<\/strong><\/p>\n<p>Mejora tu experiencia de pesca con el innovador Kit Sin Asa Yasaki en Titanio, dise\u00f1ado para la comodidad y para acompa\u00f1arte en tus aventuras de pesca durante toda la vida. Ya seas un pescador profesional o un principiante, este kit est\u00e1 dise\u00f1ado para hacer que tu tiempo en el agua sea m\u00e1s agradable y aumentar tu rendimiento.<\/p>\n<p><strong>\u00bfQu\u00e9 es el asa y qu\u00e9 significa \u00ab sin asa \u00bb?<\/strong><\/p>\n<p>El asa es la parte del carrete que suele tener forma de semic\u00edrculo y est\u00e1 hecha de alambre met\u00e1lico. Se abre para liberar la l\u00ednea de pesca antes del lanzamiento y se cierra para recogerla. Si esta parte se quita del carrete, el carrete se convierte en sin asa o \u00abbailless\u00bb.<\/p>\n<p><strong>\u00bfPor qu\u00e9 utilizar el Kit Yasaki Bailless?<\/strong><\/p>\n<ul>\n<li><strong>Eficacia<\/strong>: Para proteger el eje durante los lanzamientos potentes, el pescador suele abrir el freno e intentar colocar el carrete en la posici\u00f3n m\u00e1s baja antes de lanzar. Esta operaci\u00f3n puede llevar tiempo, especialmente cuando se usan carretes con oscilaci\u00f3n muy lenta, y ser un obst\u00e1culo en competici\u00f3n, donde normalmente se necesita una acci\u00f3n r\u00e1pida. Gracias al Kit Sin Asa Yasaki, solo tienes que sacar la l\u00ednea, sujetarla con el dedo, dar unas vueltas r\u00e1pidas y estar\u00e1s listo para lanzar. Este proceso simplificado reduce el uso innecesario de la fricci\u00f3n del freno y ahorra tiempo valioso durante la acci\u00f3n de pesca din\u00e1mica.<\/li>\n<li><strong>Gesti\u00f3n f\u00e1cil de la l\u00ednea<\/strong>: La ausencia de asa permite un acceso f\u00e1cil a la l\u00ednea en caso de que se enrede alrededor del carrete, haciendo que los ajustes y el desenredo sean sencillos.<\/li>\n<li><strong>Ahorro de espacio<\/strong>: El asa del carrete puede ser muy grande y ocupar un volumen considerable en la caja de aparejos o en la mochila, especialmente cuando se llevan 2 o 3 carretes. El dise\u00f1o compacto del Kit Sin Asa Yasaki permite reducir el volumen innecesario y guardar varios carretes en un espacio mucho m\u00e1s peque\u00f1o, ideal para viajes de pesca cortos y para la competici\u00f3n.<\/li>\n<li><strong>Construcci\u00f3n ligera<\/strong>: El asa tradicional pesa generalmente entre 21 y 25 g, mientras que el Kit Sin Asa Yasaki pesa solo 13 g, lo que mejora el rendimiento y reduce el peso.<\/li>\n<\/ul>\n<p><strong>\u00a1Haz tu pedido ahora y da el primer paso hacia una aventura de pesca superior con Yasaki!<\/strong><\/p>\n","protected":false},"featured_media":13791,"template":"","meta":[],"product_brand":[],"product_cat":[159],"product_tag":[],"class_list":{"0":"post-13758","1":"product","2":"type-product","3":"status-publish","4":"has-post-thumbnail","6":"product_cat-accesorios","8":"first","9":"instock","10":"taxable","11":"shipping-taxable","12":"purchasable","13":"product-type-simple"},"_links":{"self":[{"href":"https:\/\/yasaki-store.com\/es\/wp-json\/wp\/v2\/product\/13758","targetHints":{"allow":["GET"]}}],"collection":[{"href":"https:\/\/yasaki-store.com\/es\/wp-json\/wp\/v2\/product"}],"about":[{"href":"https:\/\/yasaki-store.com\/es\/wp-json\/wp\/v2\/types\/product"}],"wp:featuredmedia":[{"embeddable":true,"href":"https:\/\/yasaki-store.com\/es\/wp-json\/wp\/v2\/media\/13791"}],"wp:attachment":[{"href":"https:\/\/yasaki-store.com\/es\/wp-json\/wp\/v2\/media?parent=13758"}],"wp:term":[{"taxonomy":"product_brand","embeddable":true,"href":"https:\/\/yasaki-store.com\/es\/wp-json\/wp\/v2\/product_brand?post=13758"},{"taxonomy":"product_cat","embeddable":true,"href":"https:\/\/yasaki-store.com\/es\/wp-json\/wp\/v2\/product_cat?post=13758"},{"taxonomy":"product_tag","embeddable":true,"href":"https:\/\/yasaki-store.com\/es\/wp-json\/wp\/v2\/product_tag?post=13758"}],"curies":[{"name":"wp","href":"https:\/\/api.w.org\/{rel}","templated":true}]}}