{"id":13963,"date":"2024-09-30T17:21:43","date_gmt":"2024-09-30T17:21:43","guid":{"rendered":"https:\/\/yasaki-store.com\/?post_type=product&#038;p=13963"},"modified":"2026-02-24T15:09:19","modified_gmt":"2026-02-24T15:09:19","slug":"yasaki-arana-35","status":"publish","type":"product","link":"https:\/\/yasaki-store.com\/es\/producto\/yasaki-arana-35\/","title":{"rendered":"Ara\u00f1a Yasaki 35"},"content":{"rendered":"<p>Compatible con<\/p>\n<p>Shimano Ultegra 14000 XSE\/XTE<br \/>\nShimano Ultegra 14000 XSC\/XTC CI4+<br \/>\nShimano Ultegra 14000 XSD\/XTD XR<br \/>\nShimano Power Aero 14000 XSB\/XTB<br \/>\nShimano Power Aero (PG) 140000 XSC\/XTC<br \/>\nShimano Surf Leader 35 2025<br \/>\nShimano Fliegen 2017\/2024<br \/>\nShimano Aero Technium 14000 MGS XSC\/XTC<\/p>\n","protected":false},"excerpt":{"rendered":"<p>Dale un toque personal y elegante a tu carrete Shimano con l&#8217;Ara\u00f1a Yasaki !<\/p>\n<p>En condiciones de poca visibilidad o falta de atenci\u00f3n, l&#8217;Ara\u00f1a Yasaki evita que la l\u00ednea se enrede alrededor del eje y se rompa.<\/p>\n<p>Nuestro modelo ara\u00f1a 35 pesa s\u00f3lo 7 gramos y est\u00e1 fabricado en aluminio de alta calidad, lo que te proporciona fiabilidad y estilo.<\/p>\n<p>\u00a1Es f\u00e1cil de instalar con un sencillo sistema de tornillos y funciona perfectamente con la bobina original Shimano!<\/p>\n<p>\u00a1Disfruta de tus aventuras de pesca! \u00a1Elige a Yasaki!<\/p>\n","protected":false},"featured_media":17248,"template":"","meta":[],"product_brand":[],"product_cat":[159],"product_tag":[],"class_list":{"0":"post-13963","1":"product","2":"type-product","3":"status-publish","4":"has-post-thumbnail","6":"product_cat-accesorios","8":"first","9":"instock","10":"taxable","11":"shipping-taxable","12":"purchasable","13":"product-type-variable"},"_links":{"self":[{"href":"https:\/\/yasaki-store.com\/es\/wp-json\/wp\/v2\/product\/13963","targetHints":{"allow":["GET"]}}],"collection":[{"href":"https:\/\/yasaki-store.com\/es\/wp-json\/wp\/v2\/product"}],"about":[{"href":"https:\/\/yasaki-store.com\/es\/wp-json\/wp\/v2\/types\/product"}],"wp:featuredmedia":[{"embeddable":true,"href":"https:\/\/yasaki-store.com\/es\/wp-json\/wp\/v2\/media\/17248"}],"wp:attachment":[{"href":"https:\/\/yasaki-store.com\/es\/wp-json\/wp\/v2\/media?parent=13963"}],"wp:term":[{"taxonomy":"product_brand","embeddable":true,"href":"https:\/\/yasaki-store.com\/es\/wp-json\/wp\/v2\/product_brand?post=13963"},{"taxonomy":"product_cat","embeddable":true,"href":"https:\/\/yasaki-store.com\/es\/wp-json\/wp\/v2\/product_cat?post=13963"},{"taxonomy":"product_tag","embeddable":true,"href":"https:\/\/yasaki-store.com\/es\/wp-json\/wp\/v2\/product_tag?post=13963"}],"curies":[{"name":"wp","href":"https:\/\/api.w.org\/{rel}","templated":true}]}}