{"id":14860,"date":"2025-04-25T19:21:13","date_gmt":"2025-04-25T19:21:13","guid":{"rendered":"https:\/\/yasaki-store.com\/?post_type=product&#038;p=14860"},"modified":"2026-03-02T16:54:10","modified_gmt":"2026-03-02T16:54:10","slug":"yasaki-tournament-drag-dw-es","status":"publish","type":"product","link":"https:\/\/yasaki-store.com\/es\/producto\/yasaki-tournament-drag-dw-es\/","title":{"rendered":"Tapon freno Yasaki Tournament DW"},"content":{"rendered":"<p>Compatible s\u00f3lo con la bobina Yasaki Tournament DW.<\/p>\n","protected":false},"excerpt":{"rendered":"<p data-pm-slice=\"1 1 []\"><strong>Tapon freno Yasaki Tournament DW: La estrella.<\/strong><\/p>\n<p data-pm-slice=\"1 1 []\">El dise\u00f1o en estrella es bien conocido en la industria pesquera por garantizar un agarre c\u00f3modo y una fuerza de frenado superior sin a\u00f1adir peso adicional.<\/p>\n<p data-pm-slice=\"1 1 []\">Hemos adaptado este dise\u00f1o para completar y mejorar la experiencia del Carrete Tournament DW, que se ha desarrollado especialmente para los carretes de gama alta de Daiwa, como las series Tournament y Z.<\/p>\n<p data-pm-slice=\"1 1 []\"><strong>Peso:<\/strong> 9,5 g<br \/>\n<strong>Material:<\/strong> Aluminio aeroespacial<\/p>\n","protected":false},"featured_media":17061,"template":"","meta":[],"product_brand":[],"product_cat":[159],"product_tag":[],"class_list":{"0":"post-14860","1":"product","2":"type-product","3":"status-publish","4":"has-post-thumbnail","6":"product_cat-accesorios","8":"first","9":"instock","10":"taxable","11":"shipping-taxable","12":"purchasable","13":"product-type-variable"},"_links":{"self":[{"href":"https:\/\/yasaki-store.com\/es\/wp-json\/wp\/v2\/product\/14860","targetHints":{"allow":["GET"]}}],"collection":[{"href":"https:\/\/yasaki-store.com\/es\/wp-json\/wp\/v2\/product"}],"about":[{"href":"https:\/\/yasaki-store.com\/es\/wp-json\/wp\/v2\/types\/product"}],"wp:featuredmedia":[{"embeddable":true,"href":"https:\/\/yasaki-store.com\/es\/wp-json\/wp\/v2\/media\/17061"}],"wp:attachment":[{"href":"https:\/\/yasaki-store.com\/es\/wp-json\/wp\/v2\/media?parent=14860"}],"wp:term":[{"taxonomy":"product_brand","embeddable":true,"href":"https:\/\/yasaki-store.com\/es\/wp-json\/wp\/v2\/product_brand?post=14860"},{"taxonomy":"product_cat","embeddable":true,"href":"https:\/\/yasaki-store.com\/es\/wp-json\/wp\/v2\/product_cat?post=14860"},{"taxonomy":"product_tag","embeddable":true,"href":"https:\/\/yasaki-store.com\/es\/wp-json\/wp\/v2\/product_tag?post=14860"}],"curies":[{"name":"wp","href":"https:\/\/api.w.org\/{rel}","templated":true}]}}