{"id":14892,"date":"2025-04-25T20:07:12","date_gmt":"2025-04-25T20:07:12","guid":{"rendered":"https:\/\/yasaki-store.com\/?post_type=product&#038;p=14892"},"modified":"2026-02-05T13:11:03","modified_gmt":"2026-02-05T13:11:03","slug":"yasaki-bailless-kit-dw-es","status":"publish","type":"product","link":"https:\/\/yasaki-store.com\/es\/producto\/yasaki-bailless-kit-dw-es\/","title":{"rendered":"Yasaki Bailless Kit DW"},"content":{"rendered":"<p>Compatible con<\/p>\n<p>Esta bobina es compatible con los siguientes modelos<\/p>\n<p>Daiwa Tournament Basia Surf 45 SCW QD<\/p>\n<p>Daiwa Tournament Basia 45 SCW QD<\/p>\n<p>Daiwa Tournament Basiair 45 QD<\/p>\n<p>Daiwa Tournament Surf Z 45 QD<\/p>\n<p>Daiwa Surf Basia QD<\/p>\n<p>Daiwa Basia 45 SLD QDX<\/p>\n","protected":false},"excerpt":{"rendered":"<p><strong>Kit Yasaki Bailless &#8211; \u00a1Ahora tambi\u00e9n para Daiwa!<\/strong><\/p>\n<p>Eleva tu experiencia de pesca con el nuevo Kit Yasaki Bailless DW dise\u00f1ado especialmente para los carretes Daiwa de gama alta.<\/p>\n<p><strong>\u00bfQu\u00e9 es el asa y qu\u00e9 significa \u00ab sin asa \u00bb?<\/strong><\/p>\n<p>El asa es la parte del carrete que suele tener forma de semic\u00edrculo y est\u00e1 hecha de alambre met\u00e1lico. Se abre para liberar la l\u00ednea de pesca antes del lanzamiento y se cierra para recogerla. Si esta parte se quita del carrete, el carrete se convierte en sin asa o \u00abbailless\u00bb.<\/p>\n<p><strong>\u00bfPor qu\u00e9 utilizar el Kit Yasaki Bailless?<\/strong><\/p>\n<ul>\n<li><strong>Eficacia<\/strong>: Para proteger el eje durante los lanzamientos potentes, el pescador suele abrir el freno e intentar colocar el carrete en la posici\u00f3n m\u00e1s baja antes de lanzar. Esta operaci\u00f3n puede llevar tiempo, especialmente cuando se usan carretes con oscilaci\u00f3n muy lenta, y ser un obst\u00e1culo en competici\u00f3n, donde normalmente se necesita una acci\u00f3n r\u00e1pida. Gracias al Kit Sin Asa Yasaki, solo tienes que sacar la l\u00ednea, sujetarla con el dedo, dar unas vueltas r\u00e1pidas y estar\u00e1s listo para lanzar. Este proceso simplificado reduce el uso innecesario de la fricci\u00f3n del freno y ahorra tiempo valioso durante la acci\u00f3n de pesca din\u00e1mica.<\/li>\n<li><strong>Gesti\u00f3n f\u00e1cil de la l\u00ednea<\/strong>: La ausencia de asa permite un acceso f\u00e1cil a la l\u00ednea en caso de que se enrede alrededor del carrete, haciendo que los ajustes y el desenredo sean sencillos.<\/li>\n<li><strong>Ahorro de espacio<\/strong>: El asa del carrete puede ser muy grande y ocupar un volumen considerable en la caja de aparejos o en la mochila, especialmente cuando se llevan 2 o 3 carretes. El dise\u00f1o compacto del Kit Sin Asa Yasaki permite reducir el volumen innecesario y guardar varios carretes en un espacio mucho m\u00e1s peque\u00f1o, ideal para viajes de pesca cortos y para la competici\u00f3n.<\/li>\n<li><strong>Construcci\u00f3n ligera<\/strong>: El pick up tradicional suele pesar entre 21 y 25 g, mientras que el kit Yasaki pesa tan s\u00f3lo 7 g, lo que garantiza una ganancia de rendimiento al tiempo que se ahorra peso.<\/li>\n<\/ul>\n<p><strong>\u00a1Haz tu pedido ahora y da el primer paso hacia una aventura de pesca superior con Yasaki!<\/strong><\/p>\n","protected":false},"featured_media":15033,"template":"","meta":[],"product_brand":[],"product_cat":[159],"product_tag":[],"class_list":{"0":"post-14892","1":"product","2":"type-product","3":"status-publish","4":"has-post-thumbnail","6":"product_cat-accesorios","8":"first","9":"instock","10":"taxable","11":"shipping-taxable","12":"purchasable","13":"product-type-simple"},"_links":{"self":[{"href":"https:\/\/yasaki-store.com\/es\/wp-json\/wp\/v2\/product\/14892","targetHints":{"allow":["GET"]}}],"collection":[{"href":"https:\/\/yasaki-store.com\/es\/wp-json\/wp\/v2\/product"}],"about":[{"href":"https:\/\/yasaki-store.com\/es\/wp-json\/wp\/v2\/types\/product"}],"wp:featuredmedia":[{"embeddable":true,"href":"https:\/\/yasaki-store.com\/es\/wp-json\/wp\/v2\/media\/15033"}],"wp:attachment":[{"href":"https:\/\/yasaki-store.com\/es\/wp-json\/wp\/v2\/media?parent=14892"}],"wp:term":[{"taxonomy":"product_brand","embeddable":true,"href":"https:\/\/yasaki-store.com\/es\/wp-json\/wp\/v2\/product_brand?post=14892"},{"taxonomy":"product_cat","embeddable":true,"href":"https:\/\/yasaki-store.com\/es\/wp-json\/wp\/v2\/product_cat?post=14892"},{"taxonomy":"product_tag","embeddable":true,"href":"https:\/\/yasaki-store.com\/es\/wp-json\/wp\/v2\/product_tag?post=14892"}],"curies":[{"name":"wp","href":"https:\/\/api.w.org\/{rel}","templated":true}]}}