{"id":15391,"date":"2025-05-23T13:38:55","date_gmt":"2025-05-23T13:38:55","guid":{"rendered":"https:\/\/yasaki-store.com\/?post_type=product&#038;p=15391"},"modified":"2026-04-12T19:58:53","modified_gmt":"2026-04-12T19:58:53","slug":"arana-yasaki-45-v2","status":"publish","type":"product","link":"https:\/\/yasaki-store.com\/es\/producto\/arana-yasaki-45-v2\/","title":{"rendered":"Ara\u00f1a Yasaki 45 V2"},"content":{"rendered":"<p>Compatible con<\/p>\n<p>Shimano Kisu 45<br \/>\nShimano Aero Technium 14000 MGS XSD<br \/>\nShimano Aero Technium 14000 MGS XTD<\/p>\n","protected":false},"excerpt":{"rendered":"<p>Dale un toque personal y elegante a tu carrete Shimano con l&#8217;Ara\u00f1a Yasaki !<\/p>\n<p>En condiciones de poca visibilidad o falta de atenci\u00f3n, l&#8217;Ara\u00f1a Yasaki evita que la l\u00ednea se enrede alrededor del eje y se rompa.<\/p>\n<p>Nuestro modelo de Ara\u00f1a 45 pesa s\u00f3lo 10 gramos y est\u00e1 fabricado en aluminio de alta calidad, lo que te proporciona fiabilidad y estilo.<\/p>\n<p>\u00a1Es f\u00e1cil de instalar con un sencillo sistema de tornillos y funciona perfectamente con la bobina original Shimano!<\/p>\n<p>\u00a1Disfruta de tus aventuras de pesca! \u00a1Elige a Yasaki!<\/p>\n","protected":false},"featured_media":17763,"template":"","meta":[],"product_brand":[],"product_cat":[159],"product_tag":[],"class_list":{"0":"post-15391","1":"product","2":"type-product","3":"status-publish","4":"has-post-thumbnail","6":"product_cat-accesorios","8":"first","9":"instock","10":"taxable","11":"shipping-taxable","12":"purchasable","13":"product-type-variable"},"_links":{"self":[{"href":"https:\/\/yasaki-store.com\/es\/wp-json\/wp\/v2\/product\/15391","targetHints":{"allow":["GET"]}}],"collection":[{"href":"https:\/\/yasaki-store.com\/es\/wp-json\/wp\/v2\/product"}],"about":[{"href":"https:\/\/yasaki-store.com\/es\/wp-json\/wp\/v2\/types\/product"}],"wp:featuredmedia":[{"embeddable":true,"href":"https:\/\/yasaki-store.com\/es\/wp-json\/wp\/v2\/media\/17763"}],"wp:attachment":[{"href":"https:\/\/yasaki-store.com\/es\/wp-json\/wp\/v2\/media?parent=15391"}],"wp:term":[{"taxonomy":"product_brand","embeddable":true,"href":"https:\/\/yasaki-store.com\/es\/wp-json\/wp\/v2\/product_brand?post=15391"},{"taxonomy":"product_cat","embeddable":true,"href":"https:\/\/yasaki-store.com\/es\/wp-json\/wp\/v2\/product_cat?post=15391"},{"taxonomy":"product_tag","embeddable":true,"href":"https:\/\/yasaki-store.com\/es\/wp-json\/wp\/v2\/product_tag?post=15391"}],"curies":[{"name":"wp","href":"https:\/\/api.w.org\/{rel}","templated":true}]}}