{"id":12376,"date":"2024-05-22T21:27:47","date_gmt":"2024-05-22T21:27:47","guid":{"rendered":"https:\/\/yasaki-store.com\/product\/bobine-yasaki-tournament-35\/"},"modified":"2026-04-09T16:09:17","modified_gmt":"2026-04-09T16:09:17","slug":"bobine-yasaki-tournament-35","status":"publish","type":"product","link":"https:\/\/yasaki-store.com\/fr\/produit\/bobine-yasaki-tournament-35\/","title":{"rendered":"Bobine Yasaki Tournament 35"},"content":{"rendered":"<p><strong>Bobines Yasaki Tournament : Des performances in\u00e9gal\u00e9es pour votre moulinet Shimano<\/strong><\/p>\n<p>Fabriqu\u00e9es \u00e0 partir d&rsquo;aluminium a\u00e9ronautique et de mat\u00e9riaux de premi\u00e8re qualit\u00e9, les bobines Yasaki Tournament sont con\u00e7ues pour offrir une l\u00e9g\u00e8ret\u00e9 exceptionnelle et une r\u00e9sistance m\u00e9canique in\u00e9gal\u00e9e. Con\u00e7ues avec un profil conique et un micro-rainures, ces bobines assurent une parfaite tenue de la ligne et une g\u00e9om\u00e9trie unique pour une friction minimale de la ligne pendant le lancer, ce qui se traduit par une distance de lancer exceptionnelle.<\/p>\n<p>La grande force de freinage est adapt\u00e9e au surfcasting, soutenue par un syst\u00e8me de clicker int\u00e9gr\u00e9 innovant, pr\u00e9cis et progressif. Ce syst\u00e8me a \u00e9t\u00e9 rigoureusement test\u00e9 en collaboration avec les meilleurs comp\u00e9titeurs de surfcasting d&rsquo;Espagne et d&rsquo;Italie, garantissant fiabilit\u00e9 et performance.<\/p>\n<p>D\u00e9couvrez les joies d&rsquo;un lancer de qualit\u00e9 sup\u00e9rieure avec les bobines Yasaki Tournament &#8211; toujours \u00e0 un prix comp\u00e9titif !<\/p>\n<p>Compatible avec le bouton de frein d&rsquo;origine Shimano !<\/p>\n<p>Capacit\u00e9 : 0,16\/300m &#8211; 0,18\/250m &#8211; 0,20\/200m<\/p>\n<p>Poids : 39 g<\/p>\n<p>Conicit\u00e9 : 3\u00b0<\/p>\n<p>Mat\u00e9riau : Aluminium a\u00e9rospatial<\/p>\n<p>Syst\u00e8me de freinage : Carbone<\/p>\n","protected":false},"excerpt":{"rendered":"<p>Cette bobine est compatible avec les mod\u00e8les suivants<\/p>\n<p>Shimano Ultegra 14000 XSD\/XTD<\/p>\n<p>Shimano Ultegra 3500 XSD\/XSE<\/p>\n<p>Shimano Ultegra 14000 XSE\/XTE<\/p>\n<p>Shimano Ultegra 14000 XSC\/XTC CI4+<\/p>\n<p>Shimano Ultegra 14000 XR XSD\/XTD<\/p>\n<p>Shimano Power Aero 14000 XSB\/XTB<\/p>\n<p>Shimano Power Aero 14000 XSC\/XTC<\/p>\n<p>Shimano Surf Leader 35 2013\/2018\/2025<\/p>\n<p>Shimano Spin Joy 35 2014<\/p>\n<p>Shimano Bull&rsquo;s Eye XT<\/p>\n<p>Shimano Bull&rsquo;s Eye 9100 \/ 9120<\/p>\n<p>Shimano Fliegen 2009\/2012\/2013\/2017\/2024<\/p>\n<p>Shimano Kisu Special MG \/ 2011 CE \/ 2016<\/p>\n<p>Shimano Aero Technium 10000 MGS XSA<\/p>\n<p>Shimano Aero Technium 10000 MGS XSB<\/p>\n<p>Shimano Aero Technium 14000 MGS XSC<\/p>\n","protected":false},"featured_media":12228,"template":"","meta":[],"product_brand":[],"product_cat":[150],"product_tag":[],"class_list":{"0":"post-12376","1":"product","2":"type-product","3":"status-publish","4":"has-post-thumbnail","6":"product_cat-bobines","8":"first","9":"instock","10":"taxable","11":"shipping-taxable","12":"purchasable","13":"product-type-variable"},"_links":{"self":[{"href":"https:\/\/yasaki-store.com\/fr\/wp-json\/wp\/v2\/product\/12376","targetHints":{"allow":["GET"]}}],"collection":[{"href":"https:\/\/yasaki-store.com\/fr\/wp-json\/wp\/v2\/product"}],"about":[{"href":"https:\/\/yasaki-store.com\/fr\/wp-json\/wp\/v2\/types\/product"}],"wp:featuredmedia":[{"embeddable":true,"href":"https:\/\/yasaki-store.com\/fr\/wp-json\/wp\/v2\/media\/12228"}],"wp:attachment":[{"href":"https:\/\/yasaki-store.com\/fr\/wp-json\/wp\/v2\/media?parent=12376"}],"wp:term":[{"taxonomy":"product_brand","embeddable":true,"href":"https:\/\/yasaki-store.com\/fr\/wp-json\/wp\/v2\/product_brand?post=12376"},{"taxonomy":"product_cat","embeddable":true,"href":"https:\/\/yasaki-store.com\/fr\/wp-json\/wp\/v2\/product_cat?post=12376"},{"taxonomy":"product_tag","embeddable":true,"href":"https:\/\/yasaki-store.com\/fr\/wp-json\/wp\/v2\/product_tag?post=12376"}],"curies":[{"name":"wp","href":"https:\/\/api.w.org\/{rel}","templated":true}]}}