{"id":12436,"date":"2024-05-24T14:39:35","date_gmt":"2024-05-24T14:39:35","guid":{"rendered":"https:\/\/yasaki-store.com\/?post_type=product&#038;p=12436"},"modified":"2026-04-09T16:09:17","modified_gmt":"2026-04-09T16:09:17","slug":"bobine-yasaki-tournament-45","status":"publish","type":"product","link":"https:\/\/yasaki-store.com\/fr\/produit\/bobine-yasaki-tournament-45\/","title":{"rendered":"Bobine Yasaki Tournament 45"},"content":{"rendered":"<p><strong>Bobines Yasaki Tournament : Des performances in\u00e9gal\u00e9es pour votre moulinet Shimano<\/strong><\/p>\n<p>Fabriqu\u00e9es \u00e0 partir d&rsquo;aluminium a\u00e9ronautique et de mat\u00e9riaux de premi\u00e8re qualit\u00e9, les bobines Yasaki Tournament sont con\u00e7ues pour offrir une l\u00e9g\u00e8ret\u00e9 exceptionnelle et une r\u00e9sistance m\u00e9canique in\u00e9gal\u00e9e. Con\u00e7ues avec un profil conique et un micro-rainures, ces bobines assurent une parfaite tenue de la ligne et une g\u00e9om\u00e9trie unique pour une friction minimale de la ligne pendant le lancer, ce qui se traduit par une distance de lancer exceptionnelle.<\/p>\n<p>La grande force de freinage est adapt\u00e9e au surfcasting, soutenue par un syst\u00e8me de clicker int\u00e9gr\u00e9 innovant, pr\u00e9cis et progressif. Ce syst\u00e8me a \u00e9t\u00e9 rigoureusement test\u00e9 en collaboration avec les meilleurs comp\u00e9titeurs de surfcasting d&rsquo;Espagne et d&rsquo;Italie, garantissant fiabilit\u00e9 et performance.<\/p>\n<p>D\u00e9couvrez les joies d&rsquo;un lancer de qualit\u00e9 sup\u00e9rieure avec les bobines Yasaki Tournament &#8211; toujours \u00e0 un prix comp\u00e9titif !<\/p>\n<p>Compatible avec le bouton de frein d&rsquo;origine Shimano !<\/p>\n<p>Capacit\u00e9 : 0,16\/300m &#8211; 0,18\/250m &#8211; 0,20\/200m<\/p>\n<p>Poids : 43 g<\/p>\n<p>Conicit\u00e9 : 3\u00b0<\/p>\n<p>Mat\u00e9riau : Aluminium a\u00e9rospatial<\/p>\n<p>Syst\u00e8me de freinage : Carbone<\/p>\n","protected":false},"excerpt":{"rendered":"<p>Cette bobine est compatible avec les mod\u00e8les suivants<\/p>\n<p>Shimano Aero Technium 14000 MGS XTD<\/p>\n<p>Shimano Aero Technium 14000 MGS XSD<\/p>\n","protected":false},"featured_media":16985,"template":"","meta":[],"product_brand":[],"product_cat":[150],"product_tag":[],"class_list":{"0":"post-12436","1":"product","2":"type-product","3":"status-publish","4":"has-post-thumbnail","6":"product_cat-bobines","8":"first","9":"instock","10":"taxable","11":"shipping-taxable","12":"purchasable","13":"product-type-variable"},"_links":{"self":[{"href":"https:\/\/yasaki-store.com\/fr\/wp-json\/wp\/v2\/product\/12436","targetHints":{"allow":["GET"]}}],"collection":[{"href":"https:\/\/yasaki-store.com\/fr\/wp-json\/wp\/v2\/product"}],"about":[{"href":"https:\/\/yasaki-store.com\/fr\/wp-json\/wp\/v2\/types\/product"}],"wp:featuredmedia":[{"embeddable":true,"href":"https:\/\/yasaki-store.com\/fr\/wp-json\/wp\/v2\/media\/16985"}],"wp:attachment":[{"href":"https:\/\/yasaki-store.com\/fr\/wp-json\/wp\/v2\/media?parent=12436"}],"wp:term":[{"taxonomy":"product_brand","embeddable":true,"href":"https:\/\/yasaki-store.com\/fr\/wp-json\/wp\/v2\/product_brand?post=12436"},{"taxonomy":"product_cat","embeddable":true,"href":"https:\/\/yasaki-store.com\/fr\/wp-json\/wp\/v2\/product_cat?post=12436"},{"taxonomy":"product_tag","embeddable":true,"href":"https:\/\/yasaki-store.com\/fr\/wp-json\/wp\/v2\/product_tag?post=12436"}],"curies":[{"name":"wp","href":"https:\/\/api.w.org\/{rel}","templated":true}]}}