{"id":13091,"date":"2024-08-30T15:38:44","date_gmt":"2024-08-30T15:38:44","guid":{"rendered":"https:\/\/yasaki-store.com\/?post_type=product&#038;p=13091"},"modified":"2026-04-23T09:51:15","modified_gmt":"2026-04-23T09:51:15","slug":"bobine-yasaki-surf-35","status":"publish","type":"product","link":"https:\/\/yasaki-store.com\/fr\/produit\/bobine-yasaki-surf-35\/","title":{"rendered":"Bobine Yasaki Surf 35"},"content":{"rendered":"<p><strong>Voici les bobines Yasaki Surf : D\u00e9passez vos limites !<\/strong><\/p>\n<p>Le mod\u00e8le \u00ab\u00a0SURF\u00a0\u00bb a \u00e9t\u00e9 introduit pour faire face aux conditions difficiles comme le surfcasting lourd, le longcasting, la p\u00eache \u00e0 la carpe ou la recherche de carnassiers !<\/p>\n<p>De plus, la bobine est dot\u00e9e d&rsquo;une fonction qui permet d&rsquo;installer facilement 2 pinces \u00e0 ligne pour marquer la distance de p\u00eache et effectuer un lancer pr\u00e9cis.<\/p>\n<p>Fabriqu\u00e9es \u00e0 partir d&rsquo;aluminium de qualit\u00e9 a\u00e9ronautique et de mat\u00e9riaux de premi\u00e8re qualit\u00e9, les bobines Yasaki Surf sont con\u00e7ues pour offrir une l\u00e9g\u00e8ret\u00e9 et une r\u00e9sistance m\u00e9canique exceptionnelles. Con\u00e7ues avec un profil conique et un micro-pitch, ces bobines assurent une parfaite r\u00e9partition de la ligne et une g\u00e9om\u00e9trie sp\u00e9ciale pour une friction minimale de la ligne, ce qui se traduit par une distance de lancer exceptionnelle.<\/p>\n<p>Le syst\u00e8me de freinage est con\u00e7u pour la progression et la force, avec un syst\u00e8me unique de cliqueurs int\u00e9gr\u00e9s. Ce syst\u00e8me a \u00e9t\u00e9 rigoureusement test\u00e9 en collaboration avec les meilleurs comp\u00e9titeurs afin d&rsquo;obtenir la meilleure exp\u00e9rience de p\u00eache.<\/p>\n<p>La bobine est compatible avec le bouton de frein original de Shimano !<\/p>\n<p>Capacit\u00e9 de la ligne : 0,28\/350m &#8211; 0,30\/300m &#8211; 0,35\/250m<\/p>\n<p>Poids : 39 g<\/p>\n<p>Conicit\u00e9 : 3\u00b0<\/p>\n<p>Mat\u00e9riau : Aluminium a\u00e9rospatial<\/p>\n<p>Syst\u00e8me de freinage : Carbone<\/p>\n<p>***La pince \u00e0 linge n&rsquo;est pas incluse<\/p>\n","protected":false},"excerpt":{"rendered":"<p>Cette bobine est compatible avec les mod\u00e8les suivants<\/p>\n<p>Shimano Ultegra 14000 XSD\/XTD<\/p>\n<p>Shimano Ultegra 3500 XSD\/XSE<\/p>\n<p>Shimano Ultegra 14000 XSE\/XTE<\/p>\n<p>Shimano Ultegra 14000 XSC\/XTC CI4+<\/p>\n<p>Shimano Ultegra 14000 XR XSD\/XTD<\/p>\n<p>Shimano Power Aero 14000 XSB\/XTB<\/p>\n<p>Shimano Power Aero 14000 XSC\/XTC<\/p>\n<p>Shimano Big Baitrunner LC 14000 XTB<\/p>\n<p>Shimano Big Baitrunner LC 14000 XTB CI4+<\/p>\n<p>Shimano Surf Leader 35 2013\/2018\/2025<\/p>\n<p>Shimano Spin Joy 35 2014<\/p>\n<p>Shimano Bull\u2019s Eye XT<\/p>\n<p>Shimano Bull\u2019s Eye 9100 \/ 9120<\/p>\n<p>Shimano Fliegen 2009\/2012\/2013\/2017\/2024<\/p>\n<p>Shimano Kisu Special MG \/ 2011 CE \/ 2016<\/p>\n<p>Shimano Aero Technium 10000 MGS XSA<\/p>\n<p>Shimano Aero Technium 10000 MGS XSB<\/p>\n<p>Shimano Aero Technium 14000 MGS XSC<\/p>\n","protected":false},"featured_media":16136,"template":"","meta":[],"product_brand":[],"product_cat":[150],"product_tag":[],"class_list":{"0":"post-13091","1":"product","2":"type-product","3":"status-publish","4":"has-post-thumbnail","6":"product_cat-bobines","8":"first","9":"instock","10":"taxable","11":"shipping-taxable","12":"purchasable","13":"product-type-variable"},"_links":{"self":[{"href":"https:\/\/yasaki-store.com\/fr\/wp-json\/wp\/v2\/product\/13091","targetHints":{"allow":["GET"]}}],"collection":[{"href":"https:\/\/yasaki-store.com\/fr\/wp-json\/wp\/v2\/product"}],"about":[{"href":"https:\/\/yasaki-store.com\/fr\/wp-json\/wp\/v2\/types\/product"}],"wp:featuredmedia":[{"embeddable":true,"href":"https:\/\/yasaki-store.com\/fr\/wp-json\/wp\/v2\/media\/16136"}],"wp:attachment":[{"href":"https:\/\/yasaki-store.com\/fr\/wp-json\/wp\/v2\/media?parent=13091"}],"wp:term":[{"taxonomy":"product_brand","embeddable":true,"href":"https:\/\/yasaki-store.com\/fr\/wp-json\/wp\/v2\/product_brand?post=13091"},{"taxonomy":"product_cat","embeddable":true,"href":"https:\/\/yasaki-store.com\/fr\/wp-json\/wp\/v2\/product_cat?post=13091"},{"taxonomy":"product_tag","embeddable":true,"href":"https:\/\/yasaki-store.com\/fr\/wp-json\/wp\/v2\/product_tag?post=13091"}],"curies":[{"name":"wp","href":"https:\/\/api.w.org\/{rel}","templated":true}]}}