{"id":13697,"date":"2024-10-03T12:39:19","date_gmt":"2024-10-03T12:39:19","guid":{"rendered":"https:\/\/yasaki-store.com\/?post_type=product&#038;p=13697"},"modified":"2026-04-23T09:51:15","modified_gmt":"2026-04-23T09:51:15","slug":"couvercle-lateral-yasaki","status":"publish","type":"product","link":"https:\/\/yasaki-store.com\/fr\/produit\/couvercle-lateral-yasaki\/","title":{"rendered":"Capuchon de couvercle lat\u00e9ral Yasaki"},"content":{"rendered":"<p>Compatible avec<\/p>\n<p>Shimano Ultegra 14000 XSE\/XTE<br \/>\nShimano Ultegra 14000 XSC\/XTC CI4+<br \/>\nShimano Ultegra 14000 XSD\/XTD XR<br \/>\nShimano Power Aero 14000 XSB\/XTB<br \/>\nShimano Power Aero (PG) 140000 XSC\/XTC<br \/>\nShimano Surf Leader 35 2013\/2018\/2025<br \/>\nShimano Bull&rsquo;s Eye XT<br \/>\nShimano Bull&rsquo;s Eye 9100 \/ 9120<br \/>\nShimano Fliegen 2009\/2012\/2013\/2017\/2024<br \/>\nShimano Aero Technium XSB<br \/>\nShimano Aero Technium XTB<br \/>\nShimano Aero Technium XSC<br \/>\nShimano Aero Technium XTC<br \/>\nShimano Kisu Special MG \/ 2011 CE \/ 2016 \/ 45<br \/>\nShimano Aero Technium 10000 MGS XSA<br \/>\nShimano Aero Technium 14000 MGS XSB<br \/>\nShimano Aero Technium 14000 MGS XSC<br \/>\nShimano Aero Technium 14000 MGS XSD<br \/>\nShimano Aero Technium 14000 MGS XTD<\/p>\n<p>&nbsp;<\/p>\n","protected":false},"excerpt":{"rendered":"<p>Ajoutez une touche personnelle et \u00e9l\u00e9gante \u00e0 votre moulinet Shimano avec le couvercle lat\u00e9ral Yasaki.<\/p>\n<p>Notre cache lat\u00e9ral ne p\u00e8se que 2 g et est fabriqu\u00e9 en aluminium de haute qualit\u00e9 avec un traitement sp\u00e9cial pour \u00e9viter la corrosion.<\/p>\n<p>Vivez votre passion ! Choisissez Yasaki !<\/p>\n","protected":false},"featured_media":17886,"template":"","meta":[],"product_brand":[],"product_cat":[160],"product_tag":[],"class_list":{"0":"post-13697","1":"product","2":"type-product","3":"status-publish","4":"has-post-thumbnail","6":"product_cat-accessoires","8":"first","9":"instock","10":"taxable","11":"shipping-taxable","12":"purchasable","13":"product-type-variable"},"_links":{"self":[{"href":"https:\/\/yasaki-store.com\/fr\/wp-json\/wp\/v2\/product\/13697","targetHints":{"allow":["GET"]}}],"collection":[{"href":"https:\/\/yasaki-store.com\/fr\/wp-json\/wp\/v2\/product"}],"about":[{"href":"https:\/\/yasaki-store.com\/fr\/wp-json\/wp\/v2\/types\/product"}],"wp:featuredmedia":[{"embeddable":true,"href":"https:\/\/yasaki-store.com\/fr\/wp-json\/wp\/v2\/media\/17886"}],"wp:attachment":[{"href":"https:\/\/yasaki-store.com\/fr\/wp-json\/wp\/v2\/media?parent=13697"}],"wp:term":[{"taxonomy":"product_brand","embeddable":true,"href":"https:\/\/yasaki-store.com\/fr\/wp-json\/wp\/v2\/product_brand?post=13697"},{"taxonomy":"product_cat","embeddable":true,"href":"https:\/\/yasaki-store.com\/fr\/wp-json\/wp\/v2\/product_cat?post=13697"},{"taxonomy":"product_tag","embeddable":true,"href":"https:\/\/yasaki-store.com\/fr\/wp-json\/wp\/v2\/product_tag?post=13697"}],"curies":[{"name":"wp","href":"https:\/\/api.w.org\/{rel}","templated":true}]}}