{"id":13755,"date":"2024-10-31T14:53:55","date_gmt":"2024-10-31T14:53:55","guid":{"rendered":"https:\/\/yasaki-store.com\/?post_type=product&#038;p=13755"},"modified":"2026-03-23T16:10:06","modified_gmt":"2026-03-23T16:10:06","slug":"yasaki-bailless-kit-titanium","status":"publish","type":"product","link":"https:\/\/yasaki-store.com\/fr\/produit\/yasaki-bailless-kit-titanium\/","title":{"rendered":"Yasaki Bailless Kit Titanium"},"content":{"rendered":"<p>Compatible avec<\/p>\n<p>Shimano Ultegra 3500\/14000 XSD\/XTD<br \/>\nShimano Ultegra 14000 XSC\/XTC CI4+<br \/>\nShimano Ultegra 14000 XSC\/XTC XR<br \/>\nShimano Power Aero 14000 XSB\/XTB<br \/>\nShimano Power Aero (PG) 140000 XSC\/XTC<br \/>\nShimano Surf Leader 35 2013\/2018\/2025<br \/>\nShimano Spin Joy 35 2014<br \/>\nShimano Bull&rsquo;s Eye XT<br \/>\nShimano Bull&rsquo;s Eye 9100 \/ 9120<br \/>\nShimano Fliegen 2009\/2012\/2013\/2017\/2024<br \/>\nShimano Kisu Special MG \/ 2011 CE \/ 2016 \/ 45<br \/>\nShimano Aero Technium 10000 MGS XSA<br \/>\nShimano Aero Technium 10000 MGS XSB<br \/>\nShimano Aero Technium 14000 MGS XSC<br \/>\nShimano Aero Technium 14000 MGS XSD<br \/>\nShimano Aero Technium 14000 MGS XTD<\/p>\n","protected":false},"excerpt":{"rendered":"<p><strong>Le kit bailless de Yasaki en Titane<\/strong><\/p>\n<p>Am\u00e9liorez votre exp\u00e9rience de p\u00eache avec le kit sans pick-up innovant de Yasaki en titane, con\u00e7u pour la commodit\u00e9 et pour accompagner vos aventures de p\u00eache pendant toute une vie ! Que vous soyez un p\u00eacheur professionnel ou d\u00e9butant, ce kit est con\u00e7u pour rendre votre s\u00e9jour sur l&rsquo;eau plus agr\u00e9able et augmenter vos performances.<\/p>\n<p><strong>Qu&rsquo;est-ce que le pick-up et que signifie \u00ab\u00a0sans pick-up (Bailless)\u00a0\u00bb ?<\/strong><\/p>\n<p>Le pick-up est la partie du moulinet ayant typiquement une forme de demi-cercle et constitu\u00e9e d&rsquo;un fil m\u00e9tallique qui s&rsquo;ouvre pour lib\u00e9rer la ligne de p\u00eache avant le lancer et se referme pour la r\u00e9cup\u00e9rer. Si cette pi\u00e8ce est retir\u00e9e du moulinet, celui-ci devient sans pick-up ou bailless.<\/p>\n<p><strong>Pourquoi utiliser le kit sans pick-up de Yasaki ?<\/strong><\/p>\n<ul>\n<li><strong>Efficacit\u00e9<\/strong>: Pour prot\u00e9ger l&rsquo;axe du moulinet lors des lancers puissants, le p\u00eacheur ouvre g\u00e9n\u00e9ralement le frein et essaie de placer la bobine dans la position la plus basse avant de lancer. Cette op\u00e9ration peut prendre du temps, en particulier lors de l&rsquo;utilisation de moulinets \u00e0 oscillation tr\u00e8s lente, et s&rsquo;av\u00e9rer p\u00e9nalisante lors des comp\u00e9titions o\u00f9 une action rapide est habituellement n\u00e9cessaire. Gr\u00e2ce au Yasaki Bailless Kit, il suffit de sortir la ligne du galet et la placer sur le doigt, de faire quelques tours rapides et vous \u00eates en position de lancer. Ce processus rationalis\u00e9 r\u00e9duit l&rsquo;utilisation inutile de la friction du frein et permet de gagner un temps pr\u00e9cieux lors d&rsquo;une action de p\u00eache dynamique.<\/li>\n<li><strong>Gestion facile de la ligne<\/strong>: L&rsquo;absence de pick-up permet d&rsquo;acc\u00e9der facilement \u00e0 la ligne si elle s&#8217;emm\u00eale autour de la bobine, ce qui facilite les r\u00e9glages et le d\u00e9m\u00ealage.<\/li>\n<li><strong>Gain de place<\/strong>: Le pick-up du moulinet peut \u00eatre tr\u00e8s encombrant et prend un volume important dans le box de p\u00eache ou le sac \u00e0 dos, surtout lorsque il s&rsquo;agit de ranger plusieurs moulinets. La conception compacte du kit bailless Yasaki permet de r\u00e9duire l&rsquo;encombrement inutile et donc de ranger facilement plusieurs moulinets dans un espace beaucoup plus r\u00e9duit, ce qui le rend id\u00e9al pour les sorties de p\u00eache plus courtes et pour la comp\u00e9tition.<\/li>\n<li><strong>Construction l\u00e9g\u00e8re<\/strong>: Le pick up traditionnelle p\u00e8se g\u00e9n\u00e9ralement entre 21 et 25 g, alors que le kit bailless de Yasaki ne p\u00e8se que 13 g, ce qui permet de gagner en performance tout en \u00e9conomisant du poids.<\/li>\n<\/ul>\n<p><strong>Commandez maintenant et faites le premier pas vers une aventure de p\u00eache sup\u00e9rieure avec Yasaki !<\/strong><\/p>\n","protected":false},"featured_media":13788,"template":"","meta":[],"product_brand":[],"product_cat":[160],"product_tag":[],"class_list":{"0":"post-13755","1":"product","2":"type-product","3":"status-publish","4":"has-post-thumbnail","6":"product_cat-accessoires","8":"first","9":"instock","10":"taxable","11":"shipping-taxable","12":"purchasable","13":"product-type-simple"},"_links":{"self":[{"href":"https:\/\/yasaki-store.com\/fr\/wp-json\/wp\/v2\/product\/13755","targetHints":{"allow":["GET"]}}],"collection":[{"href":"https:\/\/yasaki-store.com\/fr\/wp-json\/wp\/v2\/product"}],"about":[{"href":"https:\/\/yasaki-store.com\/fr\/wp-json\/wp\/v2\/types\/product"}],"wp:featuredmedia":[{"embeddable":true,"href":"https:\/\/yasaki-store.com\/fr\/wp-json\/wp\/v2\/media\/13788"}],"wp:attachment":[{"href":"https:\/\/yasaki-store.com\/fr\/wp-json\/wp\/v2\/media?parent=13755"}],"wp:term":[{"taxonomy":"product_brand","embeddable":true,"href":"https:\/\/yasaki-store.com\/fr\/wp-json\/wp\/v2\/product_brand?post=13755"},{"taxonomy":"product_cat","embeddable":true,"href":"https:\/\/yasaki-store.com\/fr\/wp-json\/wp\/v2\/product_cat?post=13755"},{"taxonomy":"product_tag","embeddable":true,"href":"https:\/\/yasaki-store.com\/fr\/wp-json\/wp\/v2\/product_tag?post=13755"}],"curies":[{"name":"wp","href":"https:\/\/api.w.org\/{rel}","templated":true}]}}