{"id":13921,"date":"2024-09-30T17:34:48","date_gmt":"2024-09-30T17:34:48","guid":{"rendered":"https:\/\/yasaki-store.com\/?post_type=product&#038;p=13921"},"modified":"2026-03-11T16:07:47","modified_gmt":"2026-03-11T16:07:47","slug":"poignee-yasaki","status":"publish","type":"product","link":"https:\/\/yasaki-store.com\/fr\/produit\/poignee-yasaki\/","title":{"rendered":"Poign\u00e9e Yasaki"},"content":{"rendered":"<p>Compatible avec<\/p>\n<p>Shimano Ultegra 14000 XSE\/XTE<br \/>\nShimano Ultegra 14000 XSC\/XTC XR<br \/>\nShimano Power Aero 14000 XSB\/XTB<br \/>\nShimano Power Aero (PG) 140000 XSC\/XTC<br \/>\nShimano Bull&rsquo;s Eye XT<br \/>\nShimano Bull&rsquo;s Eye 9100 \/ 9120<br \/>\nShimano Fliegen 2024<br \/>\nShimano Kisu Special 45<br \/>\nShimano Aero Technium 10000 MGS XSB<br \/>\nShimano Aero Technium 14000 MGS XSC<br \/>\nShimano Aero Technium 14000 MGS XTC<br \/>\nShimano Aero Technium 14000 MGS XSD<br \/>\nShimano Aero Technium 14000 MGS XTD<\/p>\n","protected":false},"excerpt":{"rendered":"<p>Poign\u00e9e Yasaki : l\u00e9g\u00e8re, solide et polyvalente !<\/p>\n<p>Notre bouton de poign\u00e9e ne p\u00e8se que 8 grammes et est fabriqu\u00e9 en aluminium de haute qualit\u00e9 avec un design \u00e0 la fois solide et \u00e9l\u00e9gant.<\/p>\n<p>Vous pouvez la tenir de deux fa\u00e7ons : avec les doigts pour la p\u00eache l\u00e9g\u00e8re ou avec toute la main pour les combats de p\u00eache plus forts. Elle offre toujours une prise s\u00fbre et confortable pendant la p\u00eache !<\/p>\n<p>Profitez de vos aventures de p\u00eache ! Choisissez Yasaki !<\/p>\n","protected":false},"featured_media":13588,"template":"","meta":[],"product_brand":[],"product_cat":[160],"product_tag":[],"class_list":{"0":"post-13921","1":"product","2":"type-product","3":"status-publish","4":"has-post-thumbnail","6":"product_cat-accessoires","8":"first","9":"instock","10":"taxable","11":"shipping-taxable","12":"purchasable","13":"product-type-variable"},"_links":{"self":[{"href":"https:\/\/yasaki-store.com\/fr\/wp-json\/wp\/v2\/product\/13921","targetHints":{"allow":["GET"]}}],"collection":[{"href":"https:\/\/yasaki-store.com\/fr\/wp-json\/wp\/v2\/product"}],"about":[{"href":"https:\/\/yasaki-store.com\/fr\/wp-json\/wp\/v2\/types\/product"}],"wp:featuredmedia":[{"embeddable":true,"href":"https:\/\/yasaki-store.com\/fr\/wp-json\/wp\/v2\/media\/13588"}],"wp:attachment":[{"href":"https:\/\/yasaki-store.com\/fr\/wp-json\/wp\/v2\/media?parent=13921"}],"wp:term":[{"taxonomy":"product_brand","embeddable":true,"href":"https:\/\/yasaki-store.com\/fr\/wp-json\/wp\/v2\/product_brand?post=13921"},{"taxonomy":"product_cat","embeddable":true,"href":"https:\/\/yasaki-store.com\/fr\/wp-json\/wp\/v2\/product_cat?post=13921"},{"taxonomy":"product_tag","embeddable":true,"href":"https:\/\/yasaki-store.com\/fr\/wp-json\/wp\/v2\/product_tag?post=13921"}],"curies":[{"name":"wp","href":"https:\/\/api.w.org\/{rel}","templated":true}]}}