{"id":13945,"date":"2024-09-30T17:21:43","date_gmt":"2024-09-30T17:21:43","guid":{"rendered":"https:\/\/yasaki-store.com\/?post_type=product&#038;p=13945"},"modified":"2026-04-22T11:28:03","modified_gmt":"2026-04-22T11:28:03","slug":"yasaki-araignee-35","status":"publish","type":"product","link":"https:\/\/yasaki-store.com\/fr\/produit\/yasaki-araignee-35\/","title":{"rendered":"Araign\u00e9e Yasaki 35"},"content":{"rendered":"<p>Compatible avec<\/p>\n<p>Shimano Ultegra 14000 XSE\/XTE<br \/>\nShimano Ultegra 14000 XSC\/XTC CI4+<br \/>\nShimano Ultegra 14000 XSD\/XTD XR<br \/>\nShimano Power Aero 14000 XSB\/XTB<br \/>\nShimano Power Aero (PG) 140000 XSC\/XTC<br \/>\nShimano Surf Leader 35 2025<br \/>\nShimano Fliegen 2017\/2024<br \/>\nShimano Aero Technium 14000 MGS XSC\/XTC<\/p>\n","protected":false},"excerpt":{"rendered":"<p>Apportez une touche personnelle et \u00e9l\u00e9gante \u00e0 votre moulinet Shimano avec l&rsquo;araign\u00e9e Yasaki !<\/p>\n<p>En cas de faible visibilit\u00e9 ou de manque d&rsquo;attention, l&rsquo;araign\u00e9e Yasaki emp\u00eache la ligne de s&#8217;emm\u00ealer autour de l&rsquo;axe et de se casser.<\/p>\n<p>Notre mod\u00e8le d&rsquo;araign\u00e9e 35 ne p\u00e8se que 7 grammes et est fabriqu\u00e9 en aluminium de haute qualit\u00e9, vous offrant \u00e0 la fois fiabilit\u00e9 et style.<\/p>\n<p>Il est facile \u00e0 installer gr\u00e2ce \u00e0 un simple syst\u00e8me de vis et fonctionne parfaitement avec la bobine d&rsquo;origine Shimano !<\/p>\n<p>Profitez de vos aventures de p\u00eache ! Choisissez Yasaki !<\/p>\n","protected":false},"featured_media":17249,"template":"","meta":[],"product_brand":[],"product_cat":[160],"product_tag":[],"class_list":{"0":"post-13945","1":"product","2":"type-product","3":"status-publish","4":"has-post-thumbnail","6":"product_cat-accessoires","8":"first","9":"instock","10":"taxable","11":"shipping-taxable","12":"purchasable","13":"product-type-variable"},"_links":{"self":[{"href":"https:\/\/yasaki-store.com\/fr\/wp-json\/wp\/v2\/product\/13945","targetHints":{"allow":["GET"]}}],"collection":[{"href":"https:\/\/yasaki-store.com\/fr\/wp-json\/wp\/v2\/product"}],"about":[{"href":"https:\/\/yasaki-store.com\/fr\/wp-json\/wp\/v2\/types\/product"}],"wp:featuredmedia":[{"embeddable":true,"href":"https:\/\/yasaki-store.com\/fr\/wp-json\/wp\/v2\/media\/17249"}],"wp:attachment":[{"href":"https:\/\/yasaki-store.com\/fr\/wp-json\/wp\/v2\/media?parent=13945"}],"wp:term":[{"taxonomy":"product_brand","embeddable":true,"href":"https:\/\/yasaki-store.com\/fr\/wp-json\/wp\/v2\/product_brand?post=13945"},{"taxonomy":"product_cat","embeddable":true,"href":"https:\/\/yasaki-store.com\/fr\/wp-json\/wp\/v2\/product_cat?post=13945"},{"taxonomy":"product_tag","embeddable":true,"href":"https:\/\/yasaki-store.com\/fr\/wp-json\/wp\/v2\/product_tag?post=13945"}],"curies":[{"name":"wp","href":"https:\/\/api.w.org\/{rel}","templated":true}]}}