{"id":14575,"date":"2025-02-28T13:36:52","date_gmt":"2025-02-28T13:36:52","guid":{"rendered":"https:\/\/yasaki-store.com\/?post_type=product&#038;p=14575"},"modified":"2026-04-20T12:30:29","modified_gmt":"2026-04-20T12:30:29","slug":"yasaki-tournament-drag-3-evo","status":"publish","type":"product","link":"https:\/\/yasaki-store.com\/fr\/produit\/yasaki-tournament-drag-3-evo\/","title":{"rendered":"Yasaki Tournament Drag 3 Evo"},"content":{"rendered":"<p>Compatible avec :<\/p>\n<p>Shimano Ultegra 14000 XSD\/XTD<\/p>\n<p>Shimano Ultegra 3500 XSD\/XSE<\/p>\n<p>Shimano Ultegra 14000 XSE\/XTE<\/p>\n<p>Shimano Ultegra 14000 XSC\/XTC CI4+<\/p>\n<p>Shimano Ultegra 14000 XR XSD\/XTD<\/p>\n<p>Shimano Power Aero 14000 XSB\/XTB<\/p>\n<p>Shimano Power Aero 14000 XSC\/XTC<\/p>\n<p>Shimano Surf Leader 35 2013\/2018\/2025<\/p>\n<p>Shimano Spin Joy 35 2014<\/p>\n<p>Shimano Bull&rsquo;s Eye XT<\/p>\n<p>Shimano Bull&rsquo;s Eye 9100 \/ 9120<\/p>\n<p>Shimano Fliegen 2009\/2012\/2013\/2017\/2024<\/p>\n<p>Shimano Kisu Special MG\/2011 CE\/2016\/2022 (45)<\/p>\n<p>Shimano Aero Technium 10000 MGS XSA<\/p>\n<p>Shimano Aero Technium 10000 MGS XSB<\/p>\n<p>Shimano Aero Technium 14000 MGS XSC<\/p>\n<p>Shimano Aero Technium 14000 MGS XSD<\/p>\n<p>Shimano Aero Technium 14000 MGS XTD<\/p>\n","protected":false},"excerpt":{"rendered":"<p data-start=\"509\" data-end=\"575\"><strong data-start=\"509\" data-end=\"575\">Yasaki Tournament Drag 3 Evo \u2014 Design repens\u00e9 pour un contr\u00f4le sup\u00e9rieur<\/strong><\/p>\n<p data-start=\"577\" data-end=\"780\">Am\u00e9liorez votre moulinet Shimano avec le Yasaki Tournament Drag 3 Evo \u2014 l\u2019\u00e9volution de notre c\u00e9l\u00e8bre bouton de frein compact, d\u00e9sormais dot\u00e9 d\u2019une meilleure prise en main et d\u2019une ergonomie optimis\u00e9e pour une exp\u00e9rience de p\u00eache encore plus ma\u00eetris\u00e9e.<\/p>\n<p data-start=\"782\" data-end=\"1035\">Usin\u00e9 en aluminium de qualit\u00e9 a\u00e9rospatiale, ce bouton ultral\u00e9ger garantit un contr\u00f4le du frein fluide, pr\u00e9cis et r\u00e9actif. Le nouveau design \u00e0 3 ailettes offre une prise s\u00fbre et confortable, tout en maintenant une puissance de freinage \u00e9lev\u00e9e sans ajouter de poids.<\/p>\n<p data-start=\"1037\" data-end=\"1198\">Compatible avec la plupart des moulinets surfcasting Shimano, le Tournament Drag 3 Evo assure des performances fiables pour vous concentrer pleinement sur chaque lancer \u2014 et chaque prise.<\/p>\n<p data-start=\"1037\" data-end=\"1198\">Poids : 6 g<br data-start=\"1232\" data-end=\"1235\">Mat\u00e9riau : Aluminium a\u00e9rospatial<\/p>\n","protected":false},"featured_media":18178,"template":"","meta":[],"product_brand":[],"product_cat":[160],"product_tag":[],"class_list":{"0":"post-14575","1":"product","2":"type-product","3":"status-publish","4":"has-post-thumbnail","6":"product_cat-accessoires","8":"first","9":"instock","10":"taxable","11":"shipping-taxable","12":"purchasable","13":"product-type-variable"},"_links":{"self":[{"href":"https:\/\/yasaki-store.com\/fr\/wp-json\/wp\/v2\/product\/14575","targetHints":{"allow":["GET"]}}],"collection":[{"href":"https:\/\/yasaki-store.com\/fr\/wp-json\/wp\/v2\/product"}],"about":[{"href":"https:\/\/yasaki-store.com\/fr\/wp-json\/wp\/v2\/types\/product"}],"wp:featuredmedia":[{"embeddable":true,"href":"https:\/\/yasaki-store.com\/fr\/wp-json\/wp\/v2\/media\/18178"}],"wp:attachment":[{"href":"https:\/\/yasaki-store.com\/fr\/wp-json\/wp\/v2\/media?parent=14575"}],"wp:term":[{"taxonomy":"product_brand","embeddable":true,"href":"https:\/\/yasaki-store.com\/fr\/wp-json\/wp\/v2\/product_brand?post=14575"},{"taxonomy":"product_cat","embeddable":true,"href":"https:\/\/yasaki-store.com\/fr\/wp-json\/wp\/v2\/product_cat?post=14575"},{"taxonomy":"product_tag","embeddable":true,"href":"https:\/\/yasaki-store.com\/fr\/wp-json\/wp\/v2\/product_tag?post=14575"}],"curies":[{"name":"wp","href":"https:\/\/api.w.org\/{rel}","templated":true}]}}