{"id":14842,"date":"2025-04-25T19:21:13","date_gmt":"2025-04-25T19:21:13","guid":{"rendered":"https:\/\/yasaki-store.com\/?post_type=product&#038;p=14842"},"modified":"2026-02-04T18:07:15","modified_gmt":"2026-02-04T18:07:15","slug":"yasaki-tournament-drag-dw-fr","status":"publish","type":"product","link":"https:\/\/yasaki-store.com\/fr\/produit\/yasaki-tournament-drag-dw-fr\/","title":{"rendered":"Drag Yasaki Tournament DW"},"content":{"rendered":"<p>Compatible avec la bobine Yasaki Tournament DW uniquement.<\/p>\n","protected":false},"excerpt":{"rendered":"<p data-pm-slice=\"1 1 []\"><strong>Drag Yasaki Tournament DW : L&rsquo;\u00e9toile<\/strong><\/p>\n<p data-pm-slice=\"1 1 []\">Le design en \u00e9toile est bien connu dans l&rsquo;industrie de la p\u00eache pour assurer une prise en main confortable et une force de freinage sup\u00e9rieure sans ajouter de poids suppl\u00e9mentaire.<\/p>\n<p data-pm-slice=\"1 1 []\">Nous avons adapt\u00e9 ce design pour compl\u00e9ter et am\u00e9liorer l&rsquo;exp\u00e9rience de la bobine Tournament DW, qui a \u00e9t\u00e9 d\u00e9velopp\u00e9e sp\u00e9cialement pour les moulinets haut de gamme de Daiwa tels que les s\u00e9ries Tournament et Z.<\/p>\n<p data-pm-slice=\"1 1 []\"><strong>Poids :<\/strong> 9,5 g<br \/>\n<strong>Mat\u00e9riau :<\/strong> Aluminium a\u00e9rospatial<\/p>\n","protected":false},"featured_media":17065,"template":"","meta":[],"product_brand":[],"product_cat":[160],"product_tag":[],"class_list":{"0":"post-14842","1":"product","2":"type-product","3":"status-publish","4":"has-post-thumbnail","6":"product_cat-accessoires","8":"first","9":"instock","10":"taxable","11":"shipping-taxable","12":"purchasable","13":"product-type-variable"},"_links":{"self":[{"href":"https:\/\/yasaki-store.com\/fr\/wp-json\/wp\/v2\/product\/14842","targetHints":{"allow":["GET"]}}],"collection":[{"href":"https:\/\/yasaki-store.com\/fr\/wp-json\/wp\/v2\/product"}],"about":[{"href":"https:\/\/yasaki-store.com\/fr\/wp-json\/wp\/v2\/types\/product"}],"wp:featuredmedia":[{"embeddable":true,"href":"https:\/\/yasaki-store.com\/fr\/wp-json\/wp\/v2\/media\/17065"}],"wp:attachment":[{"href":"https:\/\/yasaki-store.com\/fr\/wp-json\/wp\/v2\/media?parent=14842"}],"wp:term":[{"taxonomy":"product_brand","embeddable":true,"href":"https:\/\/yasaki-store.com\/fr\/wp-json\/wp\/v2\/product_brand?post=14842"},{"taxonomy":"product_cat","embeddable":true,"href":"https:\/\/yasaki-store.com\/fr\/wp-json\/wp\/v2\/product_cat?post=14842"},{"taxonomy":"product_tag","embeddable":true,"href":"https:\/\/yasaki-store.com\/fr\/wp-json\/wp\/v2\/product_tag?post=14842"}],"curies":[{"name":"wp","href":"https:\/\/api.w.org\/{rel}","templated":true}]}}