{"id":14889,"date":"2025-04-25T20:07:12","date_gmt":"2025-04-25T20:07:12","guid":{"rendered":"https:\/\/yasaki-store.com\/?post_type=product&#038;p=14889"},"modified":"2026-01-12T20:36:30","modified_gmt":"2026-01-12T20:36:30","slug":"yasaki-bailless-kit-dw-fr","status":"publish","type":"product","link":"https:\/\/yasaki-store.com\/fr\/produit\/yasaki-bailless-kit-dw-fr\/","title":{"rendered":"Yasaki Bailless Kit DW"},"content":{"rendered":"<p>Compatible avec<\/p>\n<p>Cette bobine est compatible avec les mod\u00e8les suivants<\/p>\n<p>Daiwa Tournament Basia Surf 45 SCW QD<\/p>\n<p>Daiwa Tournament Basia 45 SCW QD<\/p>\n<p>Daiwa Tournament Basiair 45 QD<\/p>\n<p>Daiwa Tournament Surf Z 45 QD<\/p>\n<p>Daiwa Surf Basia QD<\/p>\n<p>Daiwa Basia 45 SLD QDX<\/p>\n","protected":false},"excerpt":{"rendered":"<p><strong>Yasaki Bailless Kit &#8211; Maintenant pour Daiwa aussi !<\/strong><\/p>\n<p>Am\u00e9liorez votre exp\u00e9rience de p\u00eache avec le nouveau Yasaki Bailless Kit DW con\u00e7u sp\u00e9cialement pour les moulinets Daiwa haut de gamme !<\/p>\n<p><strong>Qu&rsquo;est-ce que le pick-up et que signifie \u00ab\u00a0sans pick-up (Bailless)\u00a0\u00bb ?<\/strong><\/p>\n<p>Le pick-up est la partie du moulinet ayant typiquement une forme de demi-cercle et constitu\u00e9e d&rsquo;un fil m\u00e9tallique qui s&rsquo;ouvre pour lib\u00e9rer la ligne de p\u00eache avant le lancer et se referme pour la r\u00e9cup\u00e9rer. Si cette pi\u00e8ce est retir\u00e9e du moulinet, celui-ci devient sans pick-up ou bailless.<\/p>\n<p><strong>Pourquoi utiliser le kit sans pick-up de Yasaki ?<\/strong><\/p>\n<ul>\n<li><strong>Efficacit\u00e9<\/strong>: Pour prot\u00e9ger l&rsquo;axe du moulinet lors des lancers puissants, le p\u00eacheur ouvre g\u00e9n\u00e9ralement le frein et essaie de placer la bobine dans la position la plus basse avant de lancer. Cette op\u00e9ration peut prendre du temps, en particulier lors de l&rsquo;utilisation de moulinets \u00e0 oscillation tr\u00e8s lente, et s&rsquo;av\u00e9rer p\u00e9nalisante lors des comp\u00e9titions o\u00f9 une action rapide est habituellement n\u00e9cessaire. Gr\u00e2ce au Yasaki Bailless Kit, il suffit de sortir la ligne du galet et la placer sur le doigt, de faire quelques tours rapides et vous \u00eates en position de lancer. Ce processus rationalis\u00e9 r\u00e9duit l&rsquo;utilisation inutile de la friction du frein et permet de gagner un temps pr\u00e9cieux lors d&rsquo;une action de p\u00eache dynamique.<\/li>\n<li><strong>Gestion facile de la ligne<\/strong>: L&rsquo;absence de pick-up permet d&rsquo;acc\u00e9der facilement \u00e0 la ligne si elle s&#8217;emm\u00eale autour de la bobine, ce qui facilite les r\u00e9glages et le d\u00e9m\u00ealage.<\/li>\n<li><strong>Gain de place<\/strong>: Le pick-up du moulinet peut \u00eatre tr\u00e8s encombrant et prend un volume important dans le box de p\u00eache ou le sac \u00e0 dos, surtout lorsque il s&rsquo;agit de ranger plusieurs moulinets. La conception compacte du kit bailless Yasaki permet de r\u00e9duire l&rsquo;encombrement inutile et donc de ranger facilement plusieurs moulinets dans un espace beaucoup plus r\u00e9duit, ce qui le rend id\u00e9al pour les sorties de p\u00eache plus courtes et pour la comp\u00e9tition.<\/li>\n<li><strong>Construction l\u00e9g\u00e8re<\/strong>: Le pick up traditionnelle p\u00e8se g\u00e9n\u00e9ralement entre 21 et 25 g, alors que le kit bailless de Yasaki ne p\u00e8se que 7 g, ce qui permet de gagner en performance tout en \u00e9conomisant du poids.<\/li>\n<\/ul>\n<p><strong>Commandez maintenant et faites le premier pas vers une aventure de p\u00eache sup\u00e9rieure avec Yasaki !<\/strong><\/p>\n","protected":false},"featured_media":15030,"template":"","meta":[],"product_brand":[],"product_cat":[160],"product_tag":[],"class_list":{"0":"post-14889","1":"product","2":"type-product","3":"status-publish","4":"has-post-thumbnail","6":"product_cat-accessoires","8":"first","9":"instock","10":"taxable","11":"shipping-taxable","12":"purchasable","13":"product-type-simple"},"_links":{"self":[{"href":"https:\/\/yasaki-store.com\/fr\/wp-json\/wp\/v2\/product\/14889","targetHints":{"allow":["GET"]}}],"collection":[{"href":"https:\/\/yasaki-store.com\/fr\/wp-json\/wp\/v2\/product"}],"about":[{"href":"https:\/\/yasaki-store.com\/fr\/wp-json\/wp\/v2\/types\/product"}],"wp:featuredmedia":[{"embeddable":true,"href":"https:\/\/yasaki-store.com\/fr\/wp-json\/wp\/v2\/media\/15030"}],"wp:attachment":[{"href":"https:\/\/yasaki-store.com\/fr\/wp-json\/wp\/v2\/media?parent=14889"}],"wp:term":[{"taxonomy":"product_brand","embeddable":true,"href":"https:\/\/yasaki-store.com\/fr\/wp-json\/wp\/v2\/product_brand?post=14889"},{"taxonomy":"product_cat","embeddable":true,"href":"https:\/\/yasaki-store.com\/fr\/wp-json\/wp\/v2\/product_cat?post=14889"},{"taxonomy":"product_tag","embeddable":true,"href":"https:\/\/yasaki-store.com\/fr\/wp-json\/wp\/v2\/product_tag?post=14889"}],"curies":[{"name":"wp","href":"https:\/\/api.w.org\/{rel}","templated":true}]}}