{"id":15373,"date":"2025-05-23T13:38:55","date_gmt":"2025-05-23T13:38:55","guid":{"rendered":"https:\/\/yasaki-store.com\/?post_type=product&#038;p=15373"},"modified":"2026-04-14T09:13:42","modified_gmt":"2026-04-14T09:13:42","slug":"araignee-yasaki-45-v2","status":"publish","type":"product","link":"https:\/\/yasaki-store.com\/fr\/produit\/araignee-yasaki-45-v2\/","title":{"rendered":"Araign\u00e9e Yasaki 45 V2"},"content":{"rendered":"<p>Compatible avec<\/p>\n<p>Shimano Kisu 45<br \/>\nShimano Aero Technium 14000 MGS XSD<br \/>\nShimano Aero Technium 14000 MGS XTD<\/p>\n","protected":false},"excerpt":{"rendered":"<p>Apportez une touche personnelle et \u00e9l\u00e9gante \u00e0 votre moulinet Shimano avec l&rsquo;araign\u00e9e Yasaki !<\/p>\n<p>En cas de faible visibilit\u00e9 ou de manque d&rsquo;attention, l&rsquo;araign\u00e9e Yasaki emp\u00eache la ligne de s&#8217;emm\u00ealer autour de l&rsquo;axe et de se casser.<\/p>\n<p>Notre mod\u00e8le d&rsquo;araign\u00e9e 45 ne p\u00e8se que 10 grammes et est fabriqu\u00e9 en aluminium de haute qualit\u00e9, vous offrant \u00e0 la fois fiabilit\u00e9 et style.<\/p>\n<p>Il est facile \u00e0 installer gr\u00e2ce \u00e0 un simple syst\u00e8me de vis et fonctionne parfaitement avec la bobine d&rsquo;origine Shimano !<\/p>\n<p>Profitez de vos aventures de p\u00eache ! Choisissez Yasaki !<\/p>\n","protected":false},"featured_media":17764,"template":"","meta":[],"product_brand":[],"product_cat":[160],"product_tag":[],"class_list":{"0":"post-15373","1":"product","2":"type-product","3":"status-publish","4":"has-post-thumbnail","6":"product_cat-accessoires","8":"first","9":"instock","10":"taxable","11":"shipping-taxable","12":"purchasable","13":"product-type-variable"},"_links":{"self":[{"href":"https:\/\/yasaki-store.com\/fr\/wp-json\/wp\/v2\/product\/15373","targetHints":{"allow":["GET"]}}],"collection":[{"href":"https:\/\/yasaki-store.com\/fr\/wp-json\/wp\/v2\/product"}],"about":[{"href":"https:\/\/yasaki-store.com\/fr\/wp-json\/wp\/v2\/types\/product"}],"wp:featuredmedia":[{"embeddable":true,"href":"https:\/\/yasaki-store.com\/fr\/wp-json\/wp\/v2\/media\/17764"}],"wp:attachment":[{"href":"https:\/\/yasaki-store.com\/fr\/wp-json\/wp\/v2\/media?parent=15373"}],"wp:term":[{"taxonomy":"product_brand","embeddable":true,"href":"https:\/\/yasaki-store.com\/fr\/wp-json\/wp\/v2\/product_brand?post=15373"},{"taxonomy":"product_cat","embeddable":true,"href":"https:\/\/yasaki-store.com\/fr\/wp-json\/wp\/v2\/product_cat?post=15373"},{"taxonomy":"product_tag","embeddable":true,"href":"https:\/\/yasaki-store.com\/fr\/wp-json\/wp\/v2\/product_tag?post=15373"}],"curies":[{"name":"wp","href":"https:\/\/api.w.org\/{rel}","templated":true}]}}