{"id":18360,"date":"2026-04-20T12:24:46","date_gmt":"2026-04-20T12:24:46","guid":{"rendered":"https:\/\/yasaki-store.com\/?post_type=product&#038;p=18360"},"modified":"2026-04-22T11:28:03","modified_gmt":"2026-04-22T11:28:03","slug":"bobine-yasaki-masterclass-35","status":"publish","type":"product","link":"https:\/\/yasaki-store.com\/fr\/produit\/bobine-yasaki-masterclass-35\/","title":{"rendered":"Bobine Yasaki Masterclass 35"},"content":{"rendered":"<h3 data-start=\"219\" data-end=\"257\"><strong data-start=\"223\" data-end=\"257\">Gamme de bobines Yasaki Masterclass<\/strong><\/h3>\n<p data-start=\"83\" data-end=\"218\">La gamme de bobines Yasaki Masterclass a \u00e9t\u00e9 d\u00e9velopp\u00e9e pour la comp\u00e9tition de lancer \u00e0 longue distance au plus haut niveau, o\u00f9 chaque centim\u00e8tre peut d\u00e9cider du podium.<\/p>\n<p data-start=\"220\" data-end=\"484\" data-is-last-node=\"\" data-is-only-node=\"\">Des tests intensifs sur le terrain avec des champions du monde ont confirm\u00e9 qu\u2019une conicit\u00e9 de 6\u00b0 constitue la g\u00e9om\u00e9trie optimale pour atteindre des distances exceptionnelles avec facilit\u00e9. Le r\u00e9sultat est une sortie de ligne rapide et fluide qui minimise les frictions et emp\u00eache la formation de perruques, m\u00eame lors de lancers appuy\u00e9s.<\/p>\n<p data-start=\"744\" data-end=\"1052\">Usin\u00e9es en aluminium de qualit\u00e9 a\u00e9rospatiale et en mat\u00e9riaux bien s\u00e9lectionn\u00e9s, les bobines Yasaki offrent une l\u00e9g\u00e8ret\u00e9 exceptionnelle sans compromettre l\u2019int\u00e9grit\u00e9 structurelle. Le profil conique affin\u00e9, associ\u00e9 \u00e0 un micro-pas pr\u00e9cis\u00e9ment \u00e9tudi\u00e9, assure un enroulement pr\u00e9cis du fil et minimise les frottements lors de sa sortie.<\/p>\n<p data-start=\"1054\" data-end=\"1360\">Le syst\u00e8me de freinage est sp\u00e9cifiquement calibr\u00e9 pour le surfcasting et la p\u00eache de la carpe, avec un cliquet progressif int\u00e9gr\u00e9 offrant un retour constant et un contr\u00f4le fiable dans des conditions exigeantes. Ce syst\u00e8me a \u00e9t\u00e9 valid\u00e9 en conditions de comp\u00e9tition afin de garantir durabilit\u00e9 et pr\u00e9cision dans le temps.<\/p>\n<p data-start=\"1362\" data-end=\"1530\">Chaque choix de conception est guid\u00e9 par l\u2019efficacit\u00e9 m\u00e9canique et l\u2019optimisation fonctionnelle, permettant aux p\u00eacheurs de conserver un contr\u00f4le total m\u00eame dans des conditions de performance \u00e9lev\u00e9es..<\/p>\n<p data-start=\"1532\" data-end=\"1600\"><strong>Compatible avec le bouton de frein Shimano d\u2019origine.<\/strong><\/p>\n<p data-start=\"1532\" data-end=\"1600\"><strong>Le clip fil n\u2019est pas inclus.<\/strong><\/p>\n<p>Capacit\u00e9 de fil: 0.25\/350m &#8211; 0.30\/300m &#8211; 0.35\/200m<\/p>\n<p>Poids : 42 g<\/p>\n<p>Conicit\u00e9: 6\u00b0<\/p>\n<p>Mat\u00e9riau : Aluminium a\u00e9rospatial<\/p>\n<p>Syst\u00e8me de freinage : Carbone<\/p>\n","protected":false},"excerpt":{"rendered":"<p>Cette bobine est compatible avec les mod\u00e8les suivants<\/p>\n<p>Shimano Ultegra 14000 XSD\/XTD<br \/>\nShimano Ultegra 3500 XSD\/XSE<br \/>\nShimano Ultegra 14000 XSE\/XTE<br \/>\nShimano Ultegra 14000 XSC\/XTC CI4+<br \/>\nShimano Ultegra 14000 XR XSD\/XTD<br \/>\nShimano Power Aero 14000 XSB\/XTB<br \/>\nShimano Power Aero 14000 XSC\/XTC<br \/>\nShimano Surf Leader 35 2013\/2018\/2025<br \/>\nShimano Spin Joy 35 2014<br \/>\nShimano Bull\u2019s Eye XT<br \/>\nShimano Bull\u2019s Eye 9100 \/ 9120<br \/>\nShimano Fliegen 2009\/2012\/2013\/2017\/2024<br \/>\nShimano Kisu Special MG \/ 2011 CE \/ 2016<br \/>\nShimano Aero Technium 10000 MGS XSA<br \/>\nShimano Aero Technium 10000 MGS XSB<br \/>\nShimano Aero Technium 14000 MGS XSC<\/p>\n","protected":false},"featured_media":18437,"template":"","meta":[],"product_brand":[],"product_cat":[150],"product_tag":[],"class_list":{"0":"post-18360","1":"product","2":"type-product","3":"status-publish","4":"has-post-thumbnail","6":"product_cat-bobines","8":"first","9":"instock","10":"taxable","11":"shipping-taxable","12":"purchasable","13":"product-type-variable"},"_links":{"self":[{"href":"https:\/\/yasaki-store.com\/fr\/wp-json\/wp\/v2\/product\/18360","targetHints":{"allow":["GET"]}}],"collection":[{"href":"https:\/\/yasaki-store.com\/fr\/wp-json\/wp\/v2\/product"}],"about":[{"href":"https:\/\/yasaki-store.com\/fr\/wp-json\/wp\/v2\/types\/product"}],"wp:featuredmedia":[{"embeddable":true,"href":"https:\/\/yasaki-store.com\/fr\/wp-json\/wp\/v2\/media\/18437"}],"wp:attachment":[{"href":"https:\/\/yasaki-store.com\/fr\/wp-json\/wp\/v2\/media?parent=18360"}],"wp:term":[{"taxonomy":"product_brand","embeddable":true,"href":"https:\/\/yasaki-store.com\/fr\/wp-json\/wp\/v2\/product_brand?post=18360"},{"taxonomy":"product_cat","embeddable":true,"href":"https:\/\/yasaki-store.com\/fr\/wp-json\/wp\/v2\/product_cat?post=18360"},{"taxonomy":"product_tag","embeddable":true,"href":"https:\/\/yasaki-store.com\/fr\/wp-json\/wp\/v2\/product_tag?post=18360"}],"curies":[{"name":"wp","href":"https:\/\/api.w.org\/{rel}","templated":true}]}}