{"id":13103,"date":"2024-08-30T15:38:44","date_gmt":"2024-08-30T15:38:44","guid":{"rendered":"https:\/\/yasaki-store.com\/?post_type=product&#038;p=13103"},"modified":"2026-04-23T08:29:39","modified_gmt":"2026-04-23T08:29:39","slug":"bobina-yasaki-surf-35","status":"publish","type":"product","link":"https:\/\/yasaki-store.com\/it\/produtto\/bobina-yasaki-surf-35\/","title":{"rendered":"Bobina Yasaki Surf 35"},"content":{"rendered":"<p><strong>Presentiamo le bobine da surf Yasaki: Supera i tuoi limiti!<\/strong><\/p>\n<p>Il modello &#8220;SURF&#8221; \u00e8 stato introdotto per affrontare condizioni difficili come il surfcasting pesante, il longcasting, il carp fishing o la ricerca di predatori!<\/p>\n<p>Inoltre, la bobina \u00e8 dotata di una funzione che consente di installare facilmente 2 Lineclip per segnare la distanza di pesca e lanciare con precisione.<\/p>\n<p>Realizzate in alluminio aerospaziale e materiali pregiati, le bobine Yasaki Surf sono progettate per offrire leggerezza e resistenza meccanica eccezionali. Progettate con un profilo conico e un micro-passo, queste bobine assicurano una posa perfetta del filo e una geometria speciale per ridurre al minimo l&#8217;attrito del filo, con il risultato di una distanza di lancio eccezionale.<\/p>\n<p>Il sistema frenante \u00e8 stato progettato per garantire progressivit\u00e0 e resistenza, grazie all&#8217;esclusivo sistema integrato di clicker. Questo sistema \u00e8 stato rigorosamente testato in collaborazione con i migliori concorrenti per ottenere la migliore esperienza di pesca.<\/p>\n<p>La bobina \u00e8 compatibile con il tappo frizione originale Shimano!<\/p>\n<p>Capacit\u00e0: 0,28\/350m &#8211; 0,30\/300m &#8211; 0,35\/250m<\/p>\n<p>Peso: 39 g<\/p>\n<p>Conicit\u00e0: 3\u00b0<\/p>\n<p>Materiale: Alluminio aerospaziale<\/p>\n<p>Sistema di freno : Carbonio<\/p>\n<p>***Lineclip non \u00e8 incluso<\/p>\n","protected":false},"excerpt":{"rendered":"<p>Questa bobina \u00e8 compatibile con i seguenti modelli<\/p>\n<p>Shimano Ultegra 14000 XSD\/XTD<\/p>\n<p>Shimano Ultegra 3500 XSD\/XSE<\/p>\n<p>Shimano Ultegra 14000 XSE\/XTE<\/p>\n<p>Shimano Ultegra 14000 XSC\/XTC CI4+<\/p>\n<p>Shimano Ultegra 14000 XR XSD\/XTD<\/p>\n<p>Shimano Power Aero 14000 XSB\/XTB<\/p>\n<p>Shimano Power Aero 14000 XSC\/XTC<\/p>\n<p>Shimano Big Baitrunner LC 14000 XTB<\/p>\n<p>Shimano Big Baitrunner LC 14000 XTB CI4+<\/p>\n<p>Shimano Surf Leader 35 2013\/2018\/2025<\/p>\n<p>Shimano Spin Joy 35 2014<\/p>\n<p>Shimano Bull\u2019s Eye XT<\/p>\n<p>Shimano Bull\u2019s Eye 9100 \/ 9120<\/p>\n<p>Shimano Fliegen 2009\/2012\/2013\/2017\/2024<\/p>\n<p>Shimano Kisu Special MG \/ 2011 CE \/ 2016<\/p>\n<p>Shimano Aero Technium 10000 MGS XSA<\/p>\n<p>Shimano Aero Technium 10000 MGS XSB<\/p>\n<p>Shimano Aero Technium 14000 MGS XSC<\/p>\n","protected":false},"featured_media":16137,"template":"","meta":[],"product_brand":[],"product_cat":[157],"product_tag":[],"class_list":{"0":"post-13103","1":"product","2":"type-product","3":"status-publish","4":"has-post-thumbnail","6":"product_cat-bobine","8":"first","9":"instock","10":"taxable","11":"shipping-taxable","12":"purchasable","13":"product-type-variable"},"_links":{"self":[{"href":"https:\/\/yasaki-store.com\/it\/wp-json\/wp\/v2\/product\/13103","targetHints":{"allow":["GET"]}}],"collection":[{"href":"https:\/\/yasaki-store.com\/it\/wp-json\/wp\/v2\/product"}],"about":[{"href":"https:\/\/yasaki-store.com\/it\/wp-json\/wp\/v2\/types\/product"}],"wp:featuredmedia":[{"embeddable":true,"href":"https:\/\/yasaki-store.com\/it\/wp-json\/wp\/v2\/media\/16137"}],"wp:attachment":[{"href":"https:\/\/yasaki-store.com\/it\/wp-json\/wp\/v2\/media?parent=13103"}],"wp:term":[{"taxonomy":"product_brand","embeddable":true,"href":"https:\/\/yasaki-store.com\/it\/wp-json\/wp\/v2\/product_brand?post=13103"},{"taxonomy":"product_cat","embeddable":true,"href":"https:\/\/yasaki-store.com\/it\/wp-json\/wp\/v2\/product_cat?post=13103"},{"taxonomy":"product_tag","embeddable":true,"href":"https:\/\/yasaki-store.com\/it\/wp-json\/wp\/v2\/product_tag?post=13103"}],"curies":[{"name":"wp","href":"https:\/\/api.w.org\/{rel}","templated":true}]}}