{"id":13757,"date":"2024-10-31T14:53:55","date_gmt":"2024-10-31T14:53:55","guid":{"rendered":"https:\/\/yasaki-store.com\/?post_type=product&#038;p=13757"},"modified":"2026-03-24T09:15:24","modified_gmt":"2026-03-24T09:15:24","slug":"yasaki-bailless-kit-titanio","status":"publish","type":"product","link":"https:\/\/yasaki-store.com\/it\/produtto\/yasaki-bailless-kit-titanio\/","title":{"rendered":"Kit Senza Archetto Yasaki in Titanio"},"content":{"rendered":"<p>Compatibile con<\/p>\n<p>Shimano Ultegra 3500\/14000 XSD\/XTD<br \/>\nShimano Ultegra 14000 XSC\/XTC CI4+<br \/>\nShimano Ultegra 14000 XSC\/XTC XR<br \/>\nShimano Power Aero 14000 XSB\/XTB<br \/>\nShimano Power Aero (PG) 140000 XSC\/XTC<br \/>\nShimano Surf Leader 35 2013\/2018\/2025<br \/>\nShimano Spin Joy 35 2014<br \/>\nShimano Bull&#8217;s Eye XT<br \/>\nShimano Bull&#8217;s Eye 9100 \/ 9120<br \/>\nShimano Fliegen 2009\/2012\/2013\/2017\/2024<br \/>\nShimano Kisu Special MG \/ 2011 CE \/ 2016 \/ 45<br \/>\nShimano Aero Technium 10000 MGS XSA<br \/>\nShimano Aero Technium 10000 MGS XSB<br \/>\nShimano Aero Technium 14000 MGS XSC<br \/>\nShimano Aero Technium 14000 MGS XSD<br \/>\nShimano Aero Technium 14000 MGS XTD<\/p>\n","protected":false},"excerpt":{"rendered":"<p><strong>Kit Senza Archetto Yasaki in Titanio<\/strong><\/p>\n<p>Migliora la tua esperienza di pesca con l\u2019innovativo Kit Senza Archetto Yasaki in Titanio, progettato per la praticit\u00e0 e per accompagnarti nelle tue avventure di pesca per tutta la vita! Che tu sia un pescatore professionista o un principiante, questo kit \u00e8 pensato per rendere il tuo tempo sull&#8217;acqua pi\u00f9 piacevole e aumentare le tue prestazioni.<\/p>\n<p><strong>Cos&#8217;\u00e8 l&#8217;archetto e cosa significa \u00ab senza archetto \u00bb?<\/strong><\/p>\n<p>L&#8217;archetto \u00e8 la parte del mulinello che ha tipicamente una forma a semicerchio ed \u00e8 realizzata con un filo metallico. Si apre per liberare la lenza prima del lancio e si chiude per raccoglierla. Se questa parte viene rimossa dal mulinello, il mulinello diventa senza archetto o &#8220;bailless&#8221;.<\/p>\n<p><strong>Perch\u00e9 utilizzare il Kit Senza Archetto Yasaki?<\/strong><\/p>\n<ul>\n<li><strong>Efficienza<\/strong>: Per proteggere l&#8217;asse durante i lanci potenti, il pescatore solitamente apre la frizione e cerca di posizionare la bobina in posizione pi\u00f9 bassa prima di lanciare. Questa operazione pu\u00f2 richiedere tempo, soprattutto con mulinelli a oscillazione molto lenta, e risultare penalizzante in competizione, dove \u00e8 necessaria un&#8217;azione rapida. Grazie al Kit Senza Archetto Yasaki, basta prendere la lenza, tenerla con il dito, fare qualche giro veloce e si \u00e8 pronti a lanciare. Questo processo semplificato riduce l&#8217;uso inutile della frizione e fa risparmiare tempo prezioso durante le azioni di pesca dinamiche.<\/li>\n<li><strong>Facile gestione della lenza<\/strong>: L&#8217;assenza dell&#8217;archetto consente un facile accesso alla lenza in caso di grovigli intorno alla bobina, rendendo le regolazioni e il disimpegno facili.<\/li>\n<li><strong>Risparmio di spazio<\/strong>: L&#8217;archetto del mulinello pu\u00f2 essere molto grande e occupare molto spazio nella cassone da pesca o nello zaino, specialmente quando si trasportano 2 o 3 mulinelli.. Il design compatto del Kit Senza Archetto Yasaki riduce l&#8217;ingombro inutile e permette di sistemare pi\u00f9 mulinelli in uno spazio molto pi\u00f9 piccolo, ideale per brevi uscite di pesca e per le competizioni.<\/li>\n<li><strong>Costruzione leggera<\/strong>: L&#8217;archetto tradizionale pesa generalmente tra 21 e 25 g, mentre il Kit Senza Archetto Yasaki pesa solo 13 g, offrendo un miglioramento delle prestazioni e una riduzione del peso.<\/li>\n<\/ul>\n<p><strong>Ordina ora e fai il primo passo verso un\u2019avventura di pesca superiore con Yasaki!<\/strong><\/p>\n","protected":false},"featured_media":13790,"template":"","meta":[],"product_brand":[],"product_cat":[161],"product_tag":[],"class_list":{"0":"post-13757","1":"product","2":"type-product","3":"status-publish","4":"has-post-thumbnail","6":"product_cat-accessori","8":"first","9":"instock","10":"taxable","11":"shipping-taxable","12":"purchasable","13":"product-type-simple"},"_links":{"self":[{"href":"https:\/\/yasaki-store.com\/it\/wp-json\/wp\/v2\/product\/13757","targetHints":{"allow":["GET"]}}],"collection":[{"href":"https:\/\/yasaki-store.com\/it\/wp-json\/wp\/v2\/product"}],"about":[{"href":"https:\/\/yasaki-store.com\/it\/wp-json\/wp\/v2\/types\/product"}],"wp:featuredmedia":[{"embeddable":true,"href":"https:\/\/yasaki-store.com\/it\/wp-json\/wp\/v2\/media\/13790"}],"wp:attachment":[{"href":"https:\/\/yasaki-store.com\/it\/wp-json\/wp\/v2\/media?parent=13757"}],"wp:term":[{"taxonomy":"product_brand","embeddable":true,"href":"https:\/\/yasaki-store.com\/it\/wp-json\/wp\/v2\/product_brand?post=13757"},{"taxonomy":"product_cat","embeddable":true,"href":"https:\/\/yasaki-store.com\/it\/wp-json\/wp\/v2\/product_cat?post=13757"},{"taxonomy":"product_tag","embeddable":true,"href":"https:\/\/yasaki-store.com\/it\/wp-json\/wp\/v2\/product_tag?post=13757"}],"curies":[{"name":"wp","href":"https:\/\/api.w.org\/{rel}","templated":true}]}}