{"id":14891,"date":"2025-04-25T20:07:12","date_gmt":"2025-04-25T20:07:12","guid":{"rendered":"https:\/\/yasaki-store.com\/?post_type=product&#038;p=14891"},"modified":"2026-04-22T05:13:09","modified_gmt":"2026-04-22T05:13:09","slug":"yasaki-bailless-kit-dw-it","status":"publish","type":"product","link":"https:\/\/yasaki-store.com\/it\/produtto\/yasaki-bailless-kit-dw-it\/","title":{"rendered":"Yasaki Bailless Kit DW"},"content":{"rendered":"<p>Compatibile con<\/p>\n<p>Questa bobina \u00e8 compatibile con i seguenti modelli<\/p>\n<p>Daiwa Tournament Basia Surf 45 SCW QD<\/p>\n<p>Daiwa Tournament Basia 45 SCW QD<\/p>\n<p>Daiwa Tournament Basiair 45 QD<\/p>\n<p>Daiwa Tournament Surf Z 45 QD<\/p>\n<p>Daiwa Surf Basia QD<\/p>\n<p>Daiwa Basia 45 SLD QDX<\/p>\n","protected":false},"excerpt":{"rendered":"<p><strong>Kit senza archetto Yasaki &#8211; Ora anche per Daiwa!<\/strong><\/p>\n<p>Eleva la tua esperienza di pesca con il nuovo Yasaki Bailless Kit DW progettato appositamente per i mulinelli Daiwa di alta gamma!<\/p>\n<p><strong>Cos&#8217;\u00e8 l&#8217;archetto e cosa significa \u00ab senza archetto \u00bb?<\/strong><\/p>\n<p>L&#8217;archetto \u00e8 la parte del mulinello che ha tipicamente una forma a semicerchio ed \u00e8 realizzata con un filo metallico. Si apre per liberare la lenza prima del lancio e si chiude per raccoglierla. Se questa parte viene rimossa dal mulinello, il mulinello diventa senza archetto o &#8220;bailless&#8221;.<\/p>\n<p><strong>Perch\u00e9 utilizzare il Kit Senza Archetto Yasaki?<\/strong><\/p>\n<ul>\n<li><strong>Efficienza<\/strong>: Per proteggere l&#8217;asse durante i lanci potenti, il pescatore solitamente apre la frizione e cerca di posizionare la bobina in posizione pi\u00f9 bassa prima di lanciare. Questa operazione pu\u00f2 richiedere tempo, soprattutto con mulinelli a oscillazione molto lenta, e risultare penalizzante in competizione, dove \u00e8 necessaria un&#8217;azione rapida. Grazie al Kit Senza Archetto Yasaki, basta prendere la lenza, tenerla con il dito, fare qualche giro veloce e si \u00e8 pronti a lanciare. Questo processo semplificato riduce l&#8217;uso inutile della frizione e fa risparmiare tempo prezioso durante le azioni di pesca dinamiche.<\/li>\n<li><strong>Facile gestione della lenza<\/strong>: L&#8217;assenza dell&#8217;archetto consente un facile accesso alla lenza in caso di grovigli intorno alla bobina, rendendo le regolazioni e il disimpegno facili.<\/li>\n<li><strong>Risparmio di spazio<\/strong>: L&#8217;archetto del mulinello pu\u00f2 essere molto grande e occupare molto spazio nella cassone da pesca o nello zaino, specialmente quando si trasportano 2 o 3 mulinelli.. Il design compatto del Kit Senza Archetto Yasaki riduce l&#8217;ingombro inutile e permette di sistemare pi\u00f9 mulinelli in uno spazio molto pi\u00f9 piccolo, ideale per brevi uscite di pesca e per le competizioni.<\/li>\n<li><strong>Costruzione leggera<\/strong>: L&#8217;archetto tradizionale pesa solitamente tra i 21 e i 25 g, mentre il kit Yasaki senza archetto pesa solo 7 g, il che garantisce un guadagno in termini di prestazioni e un risparmio di peso.<\/li>\n<\/ul>\n<p><strong>Ordina ora e fai il primo passo verso un\u2019avventura di pesca superiore con Yasaki!<\/strong><\/p>\n","protected":false},"featured_media":15032,"template":"","meta":[],"product_brand":[],"product_cat":[161],"product_tag":[],"class_list":{"0":"post-14891","1":"product","2":"type-product","3":"status-publish","4":"has-post-thumbnail","6":"product_cat-accessori","8":"first","9":"instock","10":"taxable","11":"shipping-taxable","12":"purchasable","13":"product-type-simple"},"_links":{"self":[{"href":"https:\/\/yasaki-store.com\/it\/wp-json\/wp\/v2\/product\/14891","targetHints":{"allow":["GET"]}}],"collection":[{"href":"https:\/\/yasaki-store.com\/it\/wp-json\/wp\/v2\/product"}],"about":[{"href":"https:\/\/yasaki-store.com\/it\/wp-json\/wp\/v2\/types\/product"}],"wp:featuredmedia":[{"embeddable":true,"href":"https:\/\/yasaki-store.com\/it\/wp-json\/wp\/v2\/media\/15032"}],"wp:attachment":[{"href":"https:\/\/yasaki-store.com\/it\/wp-json\/wp\/v2\/media?parent=14891"}],"wp:term":[{"taxonomy":"product_brand","embeddable":true,"href":"https:\/\/yasaki-store.com\/it\/wp-json\/wp\/v2\/product_brand?post=14891"},{"taxonomy":"product_cat","embeddable":true,"href":"https:\/\/yasaki-store.com\/it\/wp-json\/wp\/v2\/product_cat?post=14891"},{"taxonomy":"product_tag","embeddable":true,"href":"https:\/\/yasaki-store.com\/it\/wp-json\/wp\/v2\/product_tag?post=14891"}],"curies":[{"name":"wp","href":"https:\/\/api.w.org\/{rel}","templated":true}]}}