{"id":15385,"date":"2025-05-23T13:38:55","date_gmt":"2025-05-23T13:38:55","guid":{"rendered":"https:\/\/yasaki-store.com\/?post_type=product&#038;p=15385"},"modified":"2026-04-20T13:21:08","modified_gmt":"2026-04-20T13:21:08","slug":"arana-yasaki-45-v2","status":"publish","type":"product","link":"https:\/\/yasaki-store.com\/it\/produtto\/arana-yasaki-45-v2\/","title":{"rendered":"Arana Yasaki 45 V2"},"content":{"rendered":"<p>Compatibile con<\/p>\n<p>Shimano Kisu 45<br \/>\nShimano Aero Technium 14000 MGS XSD<br \/>\nShimano Aero Technium 14000 MGS XTD<\/p>\n","protected":false},"excerpt":{"rendered":"<p>Aggiungi un tocco personale ed elegante al tuo mulinello Shimano con la arana Yasaki !<\/p>\n<p>In condizioni di scarsa visibilit\u00e0 o mancanza di attenzione, la arana Yasaki impedisce che la lenza si attorcigli attorno all&#8217;asse e si rompa.<\/p>\n<p>Il nostro modello de arana 45 pesa solo 10 grammi ed \u00e8 realizzato in alluminio di alta qualit\u00e0, per offrirti affidabilit\u00e0 e stile.<\/p>\n<p>\u00c8 facile da installare con un semplice sistema di viti e funziona perfettamente con la bobina originale Shimano!<\/p>\n<p>Goditi le tue avventure di pesca! Scegli Yasaki!<\/p>\n","protected":false},"featured_media":17765,"template":"","meta":[],"product_brand":[],"product_cat":[161],"product_tag":[],"class_list":{"0":"post-15385","1":"product","2":"type-product","3":"status-publish","4":"has-post-thumbnail","6":"product_cat-accessori","8":"first","9":"instock","10":"taxable","11":"shipping-taxable","12":"purchasable","13":"product-type-variable"},"_links":{"self":[{"href":"https:\/\/yasaki-store.com\/it\/wp-json\/wp\/v2\/product\/15385","targetHints":{"allow":["GET"]}}],"collection":[{"href":"https:\/\/yasaki-store.com\/it\/wp-json\/wp\/v2\/product"}],"about":[{"href":"https:\/\/yasaki-store.com\/it\/wp-json\/wp\/v2\/types\/product"}],"wp:featuredmedia":[{"embeddable":true,"href":"https:\/\/yasaki-store.com\/it\/wp-json\/wp\/v2\/media\/17765"}],"wp:attachment":[{"href":"https:\/\/yasaki-store.com\/it\/wp-json\/wp\/v2\/media?parent=15385"}],"wp:term":[{"taxonomy":"product_brand","embeddable":true,"href":"https:\/\/yasaki-store.com\/it\/wp-json\/wp\/v2\/product_brand?post=15385"},{"taxonomy":"product_cat","embeddable":true,"href":"https:\/\/yasaki-store.com\/it\/wp-json\/wp\/v2\/product_cat?post=15385"},{"taxonomy":"product_tag","embeddable":true,"href":"https:\/\/yasaki-store.com\/it\/wp-json\/wp\/v2\/product_tag?post=15385"}],"curies":[{"name":"wp","href":"https:\/\/api.w.org\/{rel}","templated":true}]}}